{"id":12675,"date":"2022-12-30T10:22:29","date_gmt":"2022-12-30T09:22:29","guid":{"rendered":"https:\/\/eterle.cz\/eshop\/produkt\/servirovaci-sada-mcp-czechoslovakia\/"},"modified":"2025-02-16T02:56:09","modified_gmt":"2025-02-16T01:56:09","slug":"servirovaci-sada-mcp-czechoslovakia","status":"publish","type":"product","link":"https:\/\/eterle.cz\/eshop\/produkt\/servirovaci-sada-mcp-czechoslovakia\/","title":{"rendered":"Serv\u00edrovac\u00ed sada \/ MCP Czechoslovakia"},"content":{"rendered":"<p>Kr\u00e1sn\u00e1 art deco serv\u00edrovac\u00ed souprava v barv\u011b slonov\u00e9 kosti ss dekorem \u0161\u00edpk\u016f a platinovou linkou. Sada obsahuje pol\u00e9vkovou m\u00edsu, ov\u00e1lnou m\u00edsu, m\u00edsu na sal\u00e1t a sl\u00e1nku<\/p>\n<p>Stav: perfektn\u00ed<br \/>\nZna\u010dka: MCP Czechoslovakia<br \/>\nRozm\u011br<br \/>\nObjem pol\u00e9vkov\u00e1 m\u00eds a: 2,3 l<br \/>\nOv\u00e1ln\u00e1 m\u00edsa: 37 x 26 cm<br \/>\nSal\u00e1tov\u00e1 m\u00edsa: pr\u016fm\u011br 24 cm<\/p>\n","protected":false},"excerpt":{"rendered":"<p>Kr\u00e1sn\u00e1 art deco serv\u00edrovac\u00ed souprava v barv\u011b slonov\u00e9 kosti ss dekorem \u0161\u00edpk\u016f a platinovou linkou. Sada obsahuje pol\u00e9vkovou m\u00edsu, ov\u00e1lnou<\/p>\n","protected":false},"featured_media":12288,"template":"","meta":[],"product_brand":[153],"product_cat":[91],"product_tag":[],"class_list":{"0":"post-12675","1":"product","2":"type-product","3":"status-publish","4":"has-post-thumbnail","6":"product_brand-eterle-cz","7":"product_cat-prodane","9":"first","10":"outofstock","11":"purchasable","12":"product-type-simple"},"_links":{"self":[{"href":"https:\/\/eterle.cz\/eshop\/wp-json\/wp\/v2\/product\/12675","targetHints":{"allow":["GET"]}}],"collection":[{"href":"https:\/\/eterle.cz\/eshop\/wp-json\/wp\/v2\/product"}],"about":[{"href":"https:\/\/eterle.cz\/eshop\/wp-json\/wp\/v2\/types\/product"}],"version-history":[{"count":0,"href":"https:\/\/eterle.cz\/eshop\/wp-json\/wp\/v2\/product\/12675\/revisions"}],"wp:featuredmedia":[{"embeddable":true,"href":"https:\/\/eterle.cz\/eshop\/wp-json\/wp\/v2\/media\/12288"}],"wp:attachment":[{"href":"https:\/\/eterle.cz\/eshop\/wp-json\/wp\/v2\/media?parent=12675"}],"wp:term":[{"taxonomy":"product_brand","embeddable":true,"href":"https:\/\/eterle.cz\/eshop\/wp-json\/wp\/v2\/product_brand?post=12675"},{"taxonomy":"product_cat","embeddable":true,"href":"https:\/\/eterle.cz\/eshop\/wp-json\/wp\/v2\/product_cat?post=12675"},{"taxonomy":"product_tag","embeddable":true,"href":"https:\/\/eterle.cz\/eshop\/wp-json\/wp\/v2\/product_tag?post=12675"}],"curies":[{"name":"wp","href":"https:\/\/api.w.org\/{rel}","templated":true}]}}