{"id":12676,"date":"2022-12-30T10:22:30","date_gmt":"2022-12-30T09:22:30","guid":{"rendered":"https:\/\/eterle.cz\/eshop\/produkt\/polevkova-misa-2\/"},"modified":"2025-02-16T02:56:08","modified_gmt":"2025-02-16T01:56:08","slug":"polevkova-misa-2","status":"publish","type":"product","link":"https:\/\/eterle.cz\/eshop\/produkt\/polevkova-misa-2\/","title":{"rendered":"Pol\u00e9vkov\u00e1 m\u00edsa"},"content":{"rendered":"<p>Velk\u00e1 pol\u00e9vkov\u00e1 m\u00edsa, kter\u00e1 kr\u00e1sn\u011b dopln\u00ed b\u00edlou sadu porcel\u00e1nu. Kombinovat se d\u00e1 ale i s porcel\u00e1nem v jak\u00e9koliv barv\u011b v barv\u011b kv\u011bt\u016f na dekoru.<\/p>\n<p>Stav: velmi dobr\u00fd<br \/>\nRozm\u011br<br \/>\nV\u00fd\u0161ka: 18 cm<br \/>\nObjem: 2,5  l<\/p>\n","protected":false},"excerpt":{"rendered":"<p>Velk\u00e1 pol\u00e9vkov\u00e1 m\u00edsa, kter\u00e1 kr\u00e1sn\u011b dopln\u00ed b\u00edlou sadu porcel\u00e1nu. Kombinovat se d\u00e1 ale i s porcel\u00e1nem v jak\u00e9koliv barv\u011b v<\/p>\n","protected":false},"featured_media":12290,"template":"","meta":[],"product_brand":[153],"product_cat":[91],"product_tag":[],"class_list":{"0":"post-12676","1":"product","2":"type-product","3":"status-publish","4":"has-post-thumbnail","6":"product_brand-eterle-cz","7":"product_cat-prodane","9":"first","10":"outofstock","11":"purchasable","12":"product-type-simple"},"_links":{"self":[{"href":"https:\/\/eterle.cz\/eshop\/wp-json\/wp\/v2\/product\/12676","targetHints":{"allow":["GET"]}}],"collection":[{"href":"https:\/\/eterle.cz\/eshop\/wp-json\/wp\/v2\/product"}],"about":[{"href":"https:\/\/eterle.cz\/eshop\/wp-json\/wp\/v2\/types\/product"}],"version-history":[{"count":0,"href":"https:\/\/eterle.cz\/eshop\/wp-json\/wp\/v2\/product\/12676\/revisions"}],"wp:featuredmedia":[{"embeddable":true,"href":"https:\/\/eterle.cz\/eshop\/wp-json\/wp\/v2\/media\/12290"}],"wp:attachment":[{"href":"https:\/\/eterle.cz\/eshop\/wp-json\/wp\/v2\/media?parent=12676"}],"wp:term":[{"taxonomy":"product_brand","embeddable":true,"href":"https:\/\/eterle.cz\/eshop\/wp-json\/wp\/v2\/product_brand?post=12676"},{"taxonomy":"product_cat","embeddable":true,"href":"https:\/\/eterle.cz\/eshop\/wp-json\/wp\/v2\/product_cat?post=12676"},{"taxonomy":"product_tag","embeddable":true,"href":"https:\/\/eterle.cz\/eshop\/wp-json\/wp\/v2\/product_tag?post=12676"}],"curies":[{"name":"wp","href":"https:\/\/api.w.org\/{rel}","templated":true}]}}