{"id":12678,"date":"2022-12-30T10:22:34","date_gmt":"2022-12-30T09:22:34","guid":{"rendered":"https:\/\/eterle.cz\/eshop\/produkt\/polevkova-misa-edelstein\/"},"modified":"2025-02-16T02:56:08","modified_gmt":"2025-02-16T01:56:08","slug":"polevkova-misa-edelstein","status":"publish","type":"product","link":"https:\/\/eterle.cz\/eshop\/produkt\/polevkova-misa-edelstein\/","title":{"rendered":"Pol\u00e9vkov\u00e1 m\u00edsa \/ Edelstein"},"content":{"rendered":"<p>Men\u0161\u00ed pol\u00e9vkov\u00e1 m\u00edsa neobvykl\u00e9ho tvaru v obl\u00edben\u00e9m dekoru modr\u00fdch kv\u011btin.<\/p>\n<p>Stav: perfektn\u00ed<br \/>\nRozm\u011br<br \/>\nV\u00fd\u0161ka: 15 cm<br \/>\nObjem: 1,5 l<\/p>\n","protected":false},"excerpt":{"rendered":"<p>Men\u0161\u00ed pol\u00e9vkov\u00e1 m\u00edsa neobvykl\u00e9ho tvaru v obl\u00edben\u00e9m dekoru modr\u00fdch kv\u011btin. Stav: perfektn\u00ed Rozm\u011br V\u00fd\u0161ka: 15 cm Objem: 1,5 l<\/p>\n","protected":false},"featured_media":12294,"template":"","meta":[],"product_brand":[153],"product_cat":[91],"product_tag":[],"class_list":{"0":"post-12678","1":"product","2":"type-product","3":"status-publish","4":"has-post-thumbnail","6":"product_brand-eterle-cz","7":"product_cat-prodane","9":"first","10":"outofstock","11":"purchasable","12":"product-type-simple"},"_links":{"self":[{"href":"https:\/\/eterle.cz\/eshop\/wp-json\/wp\/v2\/product\/12678","targetHints":{"allow":["GET"]}}],"collection":[{"href":"https:\/\/eterle.cz\/eshop\/wp-json\/wp\/v2\/product"}],"about":[{"href":"https:\/\/eterle.cz\/eshop\/wp-json\/wp\/v2\/types\/product"}],"version-history":[{"count":0,"href":"https:\/\/eterle.cz\/eshop\/wp-json\/wp\/v2\/product\/12678\/revisions"}],"wp:featuredmedia":[{"embeddable":true,"href":"https:\/\/eterle.cz\/eshop\/wp-json\/wp\/v2\/media\/12294"}],"wp:attachment":[{"href":"https:\/\/eterle.cz\/eshop\/wp-json\/wp\/v2\/media?parent=12678"}],"wp:term":[{"taxonomy":"product_brand","embeddable":true,"href":"https:\/\/eterle.cz\/eshop\/wp-json\/wp\/v2\/product_brand?post=12678"},{"taxonomy":"product_cat","embeddable":true,"href":"https:\/\/eterle.cz\/eshop\/wp-json\/wp\/v2\/product_cat?post=12678"},{"taxonomy":"product_tag","embeddable":true,"href":"https:\/\/eterle.cz\/eshop\/wp-json\/wp\/v2\/product_tag?post=12678"}],"curies":[{"name":"wp","href":"https:\/\/api.w.org\/{rel}","templated":true}]}}