{"id":12680,"date":"2022-12-30T10:22:36","date_gmt":"2022-12-30T09:22:36","guid":{"rendered":"https:\/\/eterle.cz\/eshop\/produkt\/sada-hrnecku-6-ks\/"},"modified":"2025-02-16T02:56:07","modified_gmt":"2025-02-16T01:56:07","slug":"sada-hrnecku-6-ks","status":"publish","type":"product","link":"https:\/\/eterle.cz\/eshop\/produkt\/sada-hrnecku-6-ks\/","title":{"rendered":"Sada hrne\u010dk\u016f 6 ks"},"content":{"rendered":"<p>Sada 6 hrne\u010dk\u016f na t\u0159ech zdoben\u00fdch no\u017ei\u010dk\u00e1ch s typicky secesn\u00edm dekorativn\u00edm ou\u0161kem.<\/p>\n<p>Stav: perfektn\u00ed, nepou\u017eit\u00e9<br \/>\nRozm\u011br<br \/>\nV\u00fd\u0161ka: 8,5 cm<br \/>\nObjem: 180 ml<\/p>\n","protected":false},"excerpt":{"rendered":"<p>Sada 6 hrne\u010dk\u016f na t\u0159ech zdoben\u00fdch no\u017ei\u010dk\u00e1ch s typicky secesn\u00edm dekorativn\u00edm ou\u0161kem. Stav: perfektn\u00ed, nepou\u017eit\u00e9 Rozm\u011br V\u00fd\u0161ka: 8,5 cm Objem:<\/p>\n","protected":false},"featured_media":12298,"template":"","meta":[],"product_brand":[153],"product_cat":[91],"product_tag":[],"class_list":{"0":"post-12680","1":"product","2":"type-product","3":"status-publish","4":"has-post-thumbnail","6":"product_brand-eterle-cz","7":"product_cat-prodane","9":"first","10":"outofstock","11":"purchasable","12":"product-type-simple"},"_links":{"self":[{"href":"https:\/\/eterle.cz\/eshop\/wp-json\/wp\/v2\/product\/12680","targetHints":{"allow":["GET"]}}],"collection":[{"href":"https:\/\/eterle.cz\/eshop\/wp-json\/wp\/v2\/product"}],"about":[{"href":"https:\/\/eterle.cz\/eshop\/wp-json\/wp\/v2\/types\/product"}],"version-history":[{"count":0,"href":"https:\/\/eterle.cz\/eshop\/wp-json\/wp\/v2\/product\/12680\/revisions"}],"wp:featuredmedia":[{"embeddable":true,"href":"https:\/\/eterle.cz\/eshop\/wp-json\/wp\/v2\/media\/12298"}],"wp:attachment":[{"href":"https:\/\/eterle.cz\/eshop\/wp-json\/wp\/v2\/media?parent=12680"}],"wp:term":[{"taxonomy":"product_brand","embeddable":true,"href":"https:\/\/eterle.cz\/eshop\/wp-json\/wp\/v2\/product_brand?post=12680"},{"taxonomy":"product_cat","embeddable":true,"href":"https:\/\/eterle.cz\/eshop\/wp-json\/wp\/v2\/product_cat?post=12680"},{"taxonomy":"product_tag","embeddable":true,"href":"https:\/\/eterle.cz\/eshop\/wp-json\/wp\/v2\/product_tag?post=12680"}],"curies":[{"name":"wp","href":"https:\/\/api.w.org\/{rel}","templated":true}]}}