{"id":12681,"date":"2022-12-30T10:22:38","date_gmt":"2022-12-30T09:22:38","guid":{"rendered":"https:\/\/eterle.cz\/eshop\/produkt\/snidanova-sada-rosenthal-4\/"},"modified":"2026-02-11T16:30:10","modified_gmt":"2026-02-11T15:30:10","slug":"snidanova-sada-rosenthal-4","status":"publish","type":"product","link":"https:\/\/eterle.cz\/eshop\/produkt\/snidanova-sada-rosenthal-4\/","title":{"rendered":"Sn\u00edda\u0148ov\u00e1 sada \/ Rosenthal"},"content":{"rendered":"<p>Sn\u00edda\u0148ov\u00e1 sada od exkluzivn\u00ed n\u011bmeck\u00e9 porcel\u00e1nky Rosenthal  z tenk\u00e9ho st\u0159epu s promy\u0161len\u00fdm dekorem, kter\u00fd tvo\u0159\u00ed \u0161ir\u0161\u00ed zlat\u00fd prou\u017eek v kombinaci s \u0161edo-fialkov\u00fdm perle\u0165ov\u00fdm pruhem zakon\u010den\u00fdm tenkou zlatou linkou. Tento dekor p\u016fsob\u00ed velmi elegantn\u011b a nad\u010dasov\u011b stejn\u011b jako tvar hrne\u010dku. N\u011bkter\u00e1 sada m\u00e1 perle\u0165ov\u00fd pruh v\u00edce do \u0161eda, jin\u00e1 v\u00edce do modra.<\/p>\n<p>Stav: velmi dobr\u00fd<br \/>\nZna\u010dka: Rosenthal<br \/>\nRozm\u011br<br \/>\nPod\u0161\u00e1lek: 14 cm<br \/>\nDezertn\u00ed tal\u00ed\u0159ek: 19 cm<br \/>\nObjem hrne\u010dku: 125 ml<\/p>\n","protected":false},"excerpt":{"rendered":"<p>Sn\u00edda\u0148ov\u00e1 sada od exkluzivn\u00ed n\u011bmeck\u00e9 porcel\u00e1nky Rosenthal z tenk\u00e9ho st\u0159epu s promy\u0161len\u00fdm dekorem, kter\u00fd tvo\u0159\u00ed \u0161ir\u0161\u00ed zlat\u00fd prou\u017eek v kombinaci<\/p>\n","protected":false},"featured_media":12300,"template":"","meta":[],"product_brand":[153],"product_cat":[76,120,101],"product_tag":[],"class_list":{"0":"post-12681","1":"product","2":"type-product","3":"status-publish","4":"has-post-thumbnail","6":"product_brand-eterle-cz","7":"product_cat-porcelan","8":"product_cat-hrnecky","9":"product_cat-rosenthal","11":"first","12":"instock","13":"purchasable","14":"product-type-simple"},"_links":{"self":[{"href":"https:\/\/eterle.cz\/eshop\/wp-json\/wp\/v2\/product\/12681","targetHints":{"allow":["GET"]}}],"collection":[{"href":"https:\/\/eterle.cz\/eshop\/wp-json\/wp\/v2\/product"}],"about":[{"href":"https:\/\/eterle.cz\/eshop\/wp-json\/wp\/v2\/types\/product"}],"version-history":[{"count":1,"href":"https:\/\/eterle.cz\/eshop\/wp-json\/wp\/v2\/product\/12681\/revisions"}],"predecessor-version":[{"id":26195,"href":"https:\/\/eterle.cz\/eshop\/wp-json\/wp\/v2\/product\/12681\/revisions\/26195"}],"wp:featuredmedia":[{"embeddable":true,"href":"https:\/\/eterle.cz\/eshop\/wp-json\/wp\/v2\/media\/12300"}],"wp:attachment":[{"href":"https:\/\/eterle.cz\/eshop\/wp-json\/wp\/v2\/media?parent=12681"}],"wp:term":[{"taxonomy":"product_brand","embeddable":true,"href":"https:\/\/eterle.cz\/eshop\/wp-json\/wp\/v2\/product_brand?post=12681"},{"taxonomy":"product_cat","embeddable":true,"href":"https:\/\/eterle.cz\/eshop\/wp-json\/wp\/v2\/product_cat?post=12681"},{"taxonomy":"product_tag","embeddable":true,"href":"https:\/\/eterle.cz\/eshop\/wp-json\/wp\/v2\/product_tag?post=12681"}],"curies":[{"name":"wp","href":"https:\/\/api.w.org\/{rel}","templated":true}]}}