{"id":12683,"date":"2022-12-30T10:22:41","date_gmt":"2022-12-30T09:22:41","guid":{"rendered":"https:\/\/eterle.cz\/eshop\/produkt\/sada-dezertnich-talirku-6ks\/"},"modified":"2025-02-16T02:56:06","modified_gmt":"2025-02-16T01:56:06","slug":"sada-dezertnich-talirku-6ks","status":"publish","type":"product","link":"https:\/\/eterle.cz\/eshop\/produkt\/sada-dezertnich-talirku-6ks\/","title":{"rendered":"Sada dezertn\u00edch tal\u00ed\u0159k\u016f (6ks)"},"content":{"rendered":"<p>Sada 6 dezertn\u00edch tal\u00ed\u0159k\u016f se sv\u011b\u017e\u00edm jarn\u00edm motivem lu\u010dn\u00edch kv\u011btin.<\/p>\n<p>Stav: dobr\u00fd vintage<br \/>\nRozm\u011br<br \/>\nPr\u016fm\u011br: 19,5 cm<\/p>\n","protected":false},"excerpt":{"rendered":"<p>Sada 6 dezertn\u00edch tal\u00ed\u0159k\u016f se sv\u011b\u017e\u00edm jarn\u00edm motivem lu\u010dn\u00edch kv\u011btin. Stav: dobr\u00fd vintage Rozm\u011br Pr\u016fm\u011br: 19,5 cm<\/p>\n","protected":false},"featured_media":12304,"template":"","meta":[],"product_brand":[153],"product_cat":[91],"product_tag":[],"class_list":{"0":"post-12683","1":"product","2":"type-product","3":"status-publish","4":"has-post-thumbnail","6":"product_brand-eterle-cz","7":"product_cat-prodane","9":"first","10":"outofstock","11":"purchasable","12":"product-type-simple"},"_links":{"self":[{"href":"https:\/\/eterle.cz\/eshop\/wp-json\/wp\/v2\/product\/12683","targetHints":{"allow":["GET"]}}],"collection":[{"href":"https:\/\/eterle.cz\/eshop\/wp-json\/wp\/v2\/product"}],"about":[{"href":"https:\/\/eterle.cz\/eshop\/wp-json\/wp\/v2\/types\/product"}],"version-history":[{"count":0,"href":"https:\/\/eterle.cz\/eshop\/wp-json\/wp\/v2\/product\/12683\/revisions"}],"wp:featuredmedia":[{"embeddable":true,"href":"https:\/\/eterle.cz\/eshop\/wp-json\/wp\/v2\/media\/12304"}],"wp:attachment":[{"href":"https:\/\/eterle.cz\/eshop\/wp-json\/wp\/v2\/media?parent=12683"}],"wp:term":[{"taxonomy":"product_brand","embeddable":true,"href":"https:\/\/eterle.cz\/eshop\/wp-json\/wp\/v2\/product_brand?post=12683"},{"taxonomy":"product_cat","embeddable":true,"href":"https:\/\/eterle.cz\/eshop\/wp-json\/wp\/v2\/product_cat?post=12683"},{"taxonomy":"product_tag","embeddable":true,"href":"https:\/\/eterle.cz\/eshop\/wp-json\/wp\/v2\/product_tag?post=12683"}],"curies":[{"name":"wp","href":"https:\/\/api.w.org\/{rel}","templated":true}]}}