{"id":12688,"date":"2022-12-30T10:22:48","date_gmt":"2022-12-30T09:22:48","guid":{"rendered":"https:\/\/eterle.cz\/eshop\/produkt\/sada-brousenych-sklenicek-na-vino-6ks\/"},"modified":"2025-02-16T02:56:04","modified_gmt":"2025-02-16T01:56:04","slug":"sada-brousenych-sklenicek-na-vino-6ks","status":"publish","type":"product","link":"https:\/\/eterle.cz\/eshop\/produkt\/sada-brousenych-sklenicek-na-vino-6ks\/","title":{"rendered":"Sada brou\u0161en\u00fdch skleni\u010dek na v\u00edno (6ks)"},"content":{"rendered":"<p>Sada brou\u0161en\u00fdch sklenic na v\u00edno v\u010detn\u011b brou\u0161en\u00e9ho dna stonky. Sklenice jsou velmi slavnostn\u00ed, ale nen\u00ed nutno je vyndavat jen na oslavy \ud83d\ude42<\/p>\n<p>Stav: v\u00fdborn\u00fd<br \/>\nRozm\u011br<br \/>\nObjem: 150 ml<br \/>\nV\u00fd\u0161ka:  16,5 cm<\/p>\n","protected":false},"excerpt":{"rendered":"<p>Sada brou\u0161en\u00fdch sklenic na v\u00edno v\u010detn\u011b brou\u0161en\u00e9ho dna stonky. Sklenice jsou velmi slavnostn\u00ed, ale nen\u00ed nutno je vyndavat jen na<\/p>\n","protected":false},"featured_media":12314,"template":"","meta":[],"product_brand":[153],"product_cat":[91],"product_tag":[],"class_list":{"0":"post-12688","1":"product","2":"type-product","3":"status-publish","4":"has-post-thumbnail","6":"product_brand-eterle-cz","7":"product_cat-prodane","9":"first","10":"outofstock","11":"purchasable","12":"product-type-simple"},"_links":{"self":[{"href":"https:\/\/eterle.cz\/eshop\/wp-json\/wp\/v2\/product\/12688","targetHints":{"allow":["GET"]}}],"collection":[{"href":"https:\/\/eterle.cz\/eshop\/wp-json\/wp\/v2\/product"}],"about":[{"href":"https:\/\/eterle.cz\/eshop\/wp-json\/wp\/v2\/types\/product"}],"version-history":[{"count":1,"href":"https:\/\/eterle.cz\/eshop\/wp-json\/wp\/v2\/product\/12688\/revisions"}],"predecessor-version":[{"id":16781,"href":"https:\/\/eterle.cz\/eshop\/wp-json\/wp\/v2\/product\/12688\/revisions\/16781"}],"wp:featuredmedia":[{"embeddable":true,"href":"https:\/\/eterle.cz\/eshop\/wp-json\/wp\/v2\/media\/12314"}],"wp:attachment":[{"href":"https:\/\/eterle.cz\/eshop\/wp-json\/wp\/v2\/media?parent=12688"}],"wp:term":[{"taxonomy":"product_brand","embeddable":true,"href":"https:\/\/eterle.cz\/eshop\/wp-json\/wp\/v2\/product_brand?post=12688"},{"taxonomy":"product_cat","embeddable":true,"href":"https:\/\/eterle.cz\/eshop\/wp-json\/wp\/v2\/product_cat?post=12688"},{"taxonomy":"product_tag","embeddable":true,"href":"https:\/\/eterle.cz\/eshop\/wp-json\/wp\/v2\/product_tag?post=12688"}],"curies":[{"name":"wp","href":"https:\/\/api.w.org\/{rel}","templated":true}]}}