{"id":12690,"date":"2022-12-30T10:22:50","date_gmt":"2022-12-30T09:22:50","guid":{"rendered":"https:\/\/eterle.cz\/eshop\/produkt\/sklenice-na-sampanske-2ks\/"},"modified":"2025-06-24T01:52:46","modified_gmt":"2025-06-23T23:52:46","slug":"sklenice-na-sampanske-2ks","status":"publish","type":"product","link":"https:\/\/eterle.cz\/eshop\/produkt\/sklenice-na-sampanske-2ks\/","title":{"rendered":"Sklenice na \u0161ampa\u0148sk\u00e9  (2ks)"},"content":{"rendered":"<p>P\u00e1r sklenic na \u0161ampa\u0148sk\u00e9 odli\u0161n\u00e9ho tvaru, ale stejn\u00e9ho brusu, tak aby si ka\u017ed\u00fd poznal tu svou. Luxusn\u00ed \u0161irok\u00fd brus ve stylu Moser.<\/p>\n<p>Stav: v\u00fdborn\u00fd<br \/>\nRozm\u011br<br \/>\nObjem: 140 ml<br \/>\nV\u00fd\u0161ka:  21 a 23 cm<\/p>\n","protected":false},"excerpt":{"rendered":"<p>P\u00e1r sklenic na \u0161ampa\u0148sk\u00e9 odli\u0161n\u00e9ho tvaru, ale stejn\u00e9ho brusu, tak aby si ka\u017ed\u00fd poznal tu svou. Luxusn\u00ed \u0161irok\u00fd brus ve<\/p>\n","protected":false},"featured_media":12318,"template":"","meta":[],"product_brand":[153],"product_cat":[75,134],"product_tag":[],"class_list":{"0":"post-12690","1":"product","2":"type-product","3":"status-publish","4":"has-post-thumbnail","6":"product_brand-eterle-cz","7":"product_cat-sklo","8":"product_cat-sklenice","10":"first","11":"instock","12":"purchasable","13":"product-type-simple"},"_links":{"self":[{"href":"https:\/\/eterle.cz\/eshop\/wp-json\/wp\/v2\/product\/12690","targetHints":{"allow":["GET"]}}],"collection":[{"href":"https:\/\/eterle.cz\/eshop\/wp-json\/wp\/v2\/product"}],"about":[{"href":"https:\/\/eterle.cz\/eshop\/wp-json\/wp\/v2\/types\/product"}],"version-history":[{"count":1,"href":"https:\/\/eterle.cz\/eshop\/wp-json\/wp\/v2\/product\/12690\/revisions"}],"predecessor-version":[{"id":26194,"href":"https:\/\/eterle.cz\/eshop\/wp-json\/wp\/v2\/product\/12690\/revisions\/26194"}],"wp:featuredmedia":[{"embeddable":true,"href":"https:\/\/eterle.cz\/eshop\/wp-json\/wp\/v2\/media\/12318"}],"wp:attachment":[{"href":"https:\/\/eterle.cz\/eshop\/wp-json\/wp\/v2\/media?parent=12690"}],"wp:term":[{"taxonomy":"product_brand","embeddable":true,"href":"https:\/\/eterle.cz\/eshop\/wp-json\/wp\/v2\/product_brand?post=12690"},{"taxonomy":"product_cat","embeddable":true,"href":"https:\/\/eterle.cz\/eshop\/wp-json\/wp\/v2\/product_cat?post=12690"},{"taxonomy":"product_tag","embeddable":true,"href":"https:\/\/eterle.cz\/eshop\/wp-json\/wp\/v2\/product_tag?post=12690"}],"curies":[{"name":"wp","href":"https:\/\/api.w.org\/{rel}","templated":true}]}}