{"id":12697,"date":"2022-12-30T10:22:59","date_gmt":"2022-12-30T09:22:59","guid":{"rendered":"https:\/\/eterle.cz\/eshop\/produkt\/sada-sklenic-na-sampanske-6-ks\/"},"modified":"2025-02-16T02:56:01","modified_gmt":"2025-02-16T01:56:01","slug":"sada-sklenic-na-sampanske-6-ks","status":"publish","type":"product","link":"https:\/\/eterle.cz\/eshop\/produkt\/sada-sklenic-na-sampanske-6-ks\/","title":{"rendered":"Sada sklenic na \u0161ampa\u0148sk\u00e9 (6 ks)"},"content":{"rendered":"<p>Sada 6 sklenic na \u0161ampa\u0148sk\u00e9 s decentn\u00edm p\u00edskovan\u00fdm a dobru\u0161ovan\u00fdm vzorem kv\u011bt\u016f a list\u016f. Zaj\u00edmav\u00e9 je i zdobn\u00e9 napojen\u00ed stonky na kalich.<\/p>\n<p>Stav: 5 v\u00fdborn\u00fd, 1 sklenice m\u00e1 lehce \u0161t\u00edpl\u00fd kraj, ale nen\u00ed ostr\u00fd<br \/>\nRozm\u011br<br \/>\nObjem: 160 ml<br \/>\nV\u00fd\u0161ka: 18,5 cm<\/p>\n","protected":false},"excerpt":{"rendered":"<p>Sada 6 sklenic na \u0161ampa\u0148sk\u00e9 s decentn\u00edm p\u00edskovan\u00fdm a dobru\u0161ovan\u00fdm vzorem kv\u011bt\u016f a list\u016f. Zaj\u00edmav\u00e9 je i zdobn\u00e9 napojen\u00ed stonky<\/p>\n","protected":false},"featured_media":12332,"template":"","meta":[],"product_brand":[153],"product_cat":[91],"product_tag":[],"class_list":{"0":"post-12697","1":"product","2":"type-product","3":"status-publish","4":"has-post-thumbnail","6":"product_brand-eterle-cz","7":"product_cat-prodane","9":"first","10":"outofstock","11":"purchasable","12":"product-type-simple"},"_links":{"self":[{"href":"https:\/\/eterle.cz\/eshop\/wp-json\/wp\/v2\/product\/12697","targetHints":{"allow":["GET"]}}],"collection":[{"href":"https:\/\/eterle.cz\/eshop\/wp-json\/wp\/v2\/product"}],"about":[{"href":"https:\/\/eterle.cz\/eshop\/wp-json\/wp\/v2\/types\/product"}],"version-history":[{"count":1,"href":"https:\/\/eterle.cz\/eshop\/wp-json\/wp\/v2\/product\/12697\/revisions"}],"predecessor-version":[{"id":13092,"href":"https:\/\/eterle.cz\/eshop\/wp-json\/wp\/v2\/product\/12697\/revisions\/13092"}],"wp:featuredmedia":[{"embeddable":true,"href":"https:\/\/eterle.cz\/eshop\/wp-json\/wp\/v2\/media\/12332"}],"wp:attachment":[{"href":"https:\/\/eterle.cz\/eshop\/wp-json\/wp\/v2\/media?parent=12697"}],"wp:term":[{"taxonomy":"product_brand","embeddable":true,"href":"https:\/\/eterle.cz\/eshop\/wp-json\/wp\/v2\/product_brand?post=12697"},{"taxonomy":"product_cat","embeddable":true,"href":"https:\/\/eterle.cz\/eshop\/wp-json\/wp\/v2\/product_cat?post=12697"},{"taxonomy":"product_tag","embeddable":true,"href":"https:\/\/eterle.cz\/eshop\/wp-json\/wp\/v2\/product_tag?post=12697"}],"curies":[{"name":"wp","href":"https:\/\/api.w.org\/{rel}","templated":true}]}}