{"id":12698,"date":"2022-12-30T10:23:00","date_gmt":"2022-12-30T09:23:00","guid":{"rendered":"https:\/\/eterle.cz\/eshop\/produkt\/sada-sklenic-na-vino-6-ks\/"},"modified":"2025-06-24T01:52:44","modified_gmt":"2025-06-23T23:52:44","slug":"sada-sklenic-na-vino-6-ks","status":"publish","type":"product","link":"https:\/\/eterle.cz\/eshop\/produkt\/sada-sklenic-na-vino-6-ks\/","title":{"rendered":"Sada sklenic na v\u00edno (6 ks)"},"content":{"rendered":"<p>Sada 6 sklenic na v\u00edno ru\u010dn\u011b foukan\u00fdch s p\u00edskovan\u00fdm a dobru\u0161ovan\u00fdm motivem hroznov\u00e9ho v\u00edna.<\/p>\n<p>Stav: v\u00fdborn\u00fd, pouze jedna skleni\u010dka m\u00e1 asi 0,5 mm o\u0165uk na okraji, ale nne\u00ed ostr\u00fd<br \/>\nRozm\u011br<br \/>\nObjem: 150 ml<br \/>\nV\u00fd\u0161ka: 16 cm<\/p>\n","protected":false},"excerpt":{"rendered":"<p>Sada 6 sklenic na v\u00edno ru\u010dn\u011b foukan\u00fdch s p\u00edskovan\u00fdm a dobru\u0161ovan\u00fdm motivem hroznov\u00e9ho v\u00edna. Stav: v\u00fdborn\u00fd, pouze jedna skleni\u010dka m\u00e1<\/p>\n","protected":false},"featured_media":12334,"template":"","meta":[],"product_brand":[153],"product_cat":[75,134],"product_tag":[],"class_list":{"0":"post-12698","1":"product","2":"type-product","3":"status-publish","4":"has-post-thumbnail","6":"product_brand-eterle-cz","7":"product_cat-sklo","8":"product_cat-sklenice","10":"first","11":"instock","12":"purchasable","13":"product-type-simple"},"_links":{"self":[{"href":"https:\/\/eterle.cz\/eshop\/wp-json\/wp\/v2\/product\/12698","targetHints":{"allow":["GET"]}}],"collection":[{"href":"https:\/\/eterle.cz\/eshop\/wp-json\/wp\/v2\/product"}],"about":[{"href":"https:\/\/eterle.cz\/eshop\/wp-json\/wp\/v2\/types\/product"}],"version-history":[{"count":1,"href":"https:\/\/eterle.cz\/eshop\/wp-json\/wp\/v2\/product\/12698\/revisions"}],"predecessor-version":[{"id":26189,"href":"https:\/\/eterle.cz\/eshop\/wp-json\/wp\/v2\/product\/12698\/revisions\/26189"}],"wp:featuredmedia":[{"embeddable":true,"href":"https:\/\/eterle.cz\/eshop\/wp-json\/wp\/v2\/media\/12334"}],"wp:attachment":[{"href":"https:\/\/eterle.cz\/eshop\/wp-json\/wp\/v2\/media?parent=12698"}],"wp:term":[{"taxonomy":"product_brand","embeddable":true,"href":"https:\/\/eterle.cz\/eshop\/wp-json\/wp\/v2\/product_brand?post=12698"},{"taxonomy":"product_cat","embeddable":true,"href":"https:\/\/eterle.cz\/eshop\/wp-json\/wp\/v2\/product_cat?post=12698"},{"taxonomy":"product_tag","embeddable":true,"href":"https:\/\/eterle.cz\/eshop\/wp-json\/wp\/v2\/product_tag?post=12698"}],"curies":[{"name":"wp","href":"https:\/\/api.w.org\/{rel}","templated":true}]}}