{"id":12699,"date":"2022-12-30T10:23:01","date_gmt":"2022-12-30T09:23:01","guid":{"rendered":"https:\/\/eterle.cz\/eshop\/produkt\/sada-sklenic-na-vodu-6-ks\/"},"modified":"2025-02-16T02:56:01","modified_gmt":"2025-02-16T01:56:01","slug":"sada-sklenic-na-vodu-6-ks","status":"publish","type":"product","link":"https:\/\/eterle.cz\/eshop\/produkt\/sada-sklenic-na-vodu-6-ks\/","title":{"rendered":"Sada sklenic na vodu (6 ks)"},"content":{"rendered":"<p>Sada 6 sklenic na vodu s roztomil\u00fdm \u010derven\u00fdm punt\u00ed\u010dkem, p\u016fsob\u00ed velmi n\u011b\u017en\u011b, modern\u011b i retro. Jist\u011b obzvl\u00e1\u0161tn\u00ed jak\u00e9koliv ka\u017edodenn\u00ed stolov\u00e1n\u00ed.<\/p>\n<p>Stav: v\u00fdborn\u00fd<br \/>\nRozm\u011br<br \/>\nObjem:  220 ml<br \/>\nV\u00fd\u0161ka: 11,5 cm<\/p>\n","protected":false},"excerpt":{"rendered":"<p>Sada 6 sklenic na vodu s roztomil\u00fdm \u010derven\u00fdm punt\u00ed\u010dkem, p\u016fsob\u00ed velmi n\u011b\u017en\u011b, modern\u011b i retro. Jist\u011b obzvl\u00e1\u0161tn\u00ed jak\u00e9koliv ka\u017edodenn\u00ed stolov\u00e1n\u00ed.<\/p>\n","protected":false},"featured_media":12336,"template":"","meta":[],"product_brand":[153],"product_cat":[91],"product_tag":[],"class_list":{"0":"post-12699","1":"product","2":"type-product","3":"status-publish","4":"has-post-thumbnail","6":"product_brand-eterle-cz","7":"product_cat-prodane","9":"first","10":"outofstock","11":"purchasable","12":"product-type-simple"},"_links":{"self":[{"href":"https:\/\/eterle.cz\/eshop\/wp-json\/wp\/v2\/product\/12699","targetHints":{"allow":["GET"]}}],"collection":[{"href":"https:\/\/eterle.cz\/eshop\/wp-json\/wp\/v2\/product"}],"about":[{"href":"https:\/\/eterle.cz\/eshop\/wp-json\/wp\/v2\/types\/product"}],"version-history":[{"count":0,"href":"https:\/\/eterle.cz\/eshop\/wp-json\/wp\/v2\/product\/12699\/revisions"}],"wp:featuredmedia":[{"embeddable":true,"href":"https:\/\/eterle.cz\/eshop\/wp-json\/wp\/v2\/media\/12336"}],"wp:attachment":[{"href":"https:\/\/eterle.cz\/eshop\/wp-json\/wp\/v2\/media?parent=12699"}],"wp:term":[{"taxonomy":"product_brand","embeddable":true,"href":"https:\/\/eterle.cz\/eshop\/wp-json\/wp\/v2\/product_brand?post=12699"},{"taxonomy":"product_cat","embeddable":true,"href":"https:\/\/eterle.cz\/eshop\/wp-json\/wp\/v2\/product_cat?post=12699"},{"taxonomy":"product_tag","embeddable":true,"href":"https:\/\/eterle.cz\/eshop\/wp-json\/wp\/v2\/product_tag?post=12699"}],"curies":[{"name":"wp","href":"https:\/\/api.w.org\/{rel}","templated":true}]}}