{"id":12700,"date":"2022-12-30T10:23:02","date_gmt":"2022-12-30T09:23:02","guid":{"rendered":"https:\/\/eterle.cz\/eshop\/produkt\/sada-6-sklenic\/"},"modified":"2025-02-16T02:56:00","modified_gmt":"2025-02-16T01:56:00","slug":"sada-6-sklenic","status":"publish","type":"product","link":"https:\/\/eterle.cz\/eshop\/produkt\/sada-6-sklenic\/","title":{"rendered":"Sada 6 sklenic"},"content":{"rendered":"<p>Sada 6 star\u00fdch lit\u00fdch sklenic lomen\u00fdch do desetihranu.<\/p>\n<p>Stav: dobr\u00fd, bez o\u0165uk\u016f<br \/>\nRozm\u011br<br \/>\nObjem: 120 ml<br \/>\nV\u00fd\u0161ka: 16 cm<\/p>\n","protected":false},"excerpt":{"rendered":"<p>Sada 6 star\u00fdch lit\u00fdch sklenic lomen\u00fdch do desetihranu. Stav: dobr\u00fd, bez o\u0165uk\u016f Rozm\u011br Objem: 120 ml V\u00fd\u0161ka: 16 cm<\/p>\n","protected":false},"featured_media":12338,"template":"","meta":[],"product_brand":[153],"product_cat":[91],"product_tag":[],"class_list":{"0":"post-12700","1":"product","2":"type-product","3":"status-publish","4":"has-post-thumbnail","6":"product_brand-eterle-cz","7":"product_cat-prodane","9":"first","10":"outofstock","11":"purchasable","12":"product-type-simple"},"_links":{"self":[{"href":"https:\/\/eterle.cz\/eshop\/wp-json\/wp\/v2\/product\/12700","targetHints":{"allow":["GET"]}}],"collection":[{"href":"https:\/\/eterle.cz\/eshop\/wp-json\/wp\/v2\/product"}],"about":[{"href":"https:\/\/eterle.cz\/eshop\/wp-json\/wp\/v2\/types\/product"}],"version-history":[{"count":0,"href":"https:\/\/eterle.cz\/eshop\/wp-json\/wp\/v2\/product\/12700\/revisions"}],"wp:featuredmedia":[{"embeddable":true,"href":"https:\/\/eterle.cz\/eshop\/wp-json\/wp\/v2\/media\/12338"}],"wp:attachment":[{"href":"https:\/\/eterle.cz\/eshop\/wp-json\/wp\/v2\/media?parent=12700"}],"wp:term":[{"taxonomy":"product_brand","embeddable":true,"href":"https:\/\/eterle.cz\/eshop\/wp-json\/wp\/v2\/product_brand?post=12700"},{"taxonomy":"product_cat","embeddable":true,"href":"https:\/\/eterle.cz\/eshop\/wp-json\/wp\/v2\/product_cat?post=12700"},{"taxonomy":"product_tag","embeddable":true,"href":"https:\/\/eterle.cz\/eshop\/wp-json\/wp\/v2\/product_tag?post=12700"}],"curies":[{"name":"wp","href":"https:\/\/api.w.org\/{rel}","templated":true}]}}