{"id":12701,"date":"2022-12-30T10:23:03","date_gmt":"2022-12-30T09:23:03","guid":{"rendered":"https:\/\/eterle.cz\/eshop\/produkt\/skleneny-podstavec-na-dort\/"},"modified":"2025-02-16T02:56:00","modified_gmt":"2025-02-16T01:56:00","slug":"skleneny-podstavec-na-dort","status":"publish","type":"product","link":"https:\/\/eterle.cz\/eshop\/produkt\/skleneny-podstavec-na-dort\/","title":{"rendered":"Sklen\u011bn\u00fd podstavec na dort"},"content":{"rendered":"<p>Sklen\u011bn\u00fd postavec na dort na noze. Sklo se vzorem p\u0159ipom\u00ednaj\u00edc\u00edm hladinu vody p\u0159i de\u0161ti. Po obvodu je zdoben mal\u00fdmi kuli\u010dkami a to jak na podstavci tak na tal\u00ed\u0159i.<\/p>\n<p>Stav: v\u00fdborn\u00fd<br \/>\nRozm\u011br<br \/>\nPr\u016fm\u011br: 30,5  ml (vnit\u0159n\u00ed ke kuli\u010dk\u00e1m 27)<br \/>\nV\u00fd\u0161ka: 9 cm<\/p>\n","protected":false},"excerpt":{"rendered":"<p>Sklen\u011bn\u00fd postavec na dort na noze. Sklo se vzorem p\u0159ipom\u00ednaj\u00edc\u00edm hladinu vody p\u0159i de\u0161ti. Po obvodu je zdoben mal\u00fdmi kuli\u010dkami<\/p>\n","protected":false},"featured_media":12340,"template":"","meta":[],"product_brand":[153],"product_cat":[91],"product_tag":[],"class_list":{"0":"post-12701","1":"product","2":"type-product","3":"status-publish","4":"has-post-thumbnail","6":"product_brand-eterle-cz","7":"product_cat-prodane","9":"first","10":"outofstock","11":"purchasable","12":"product-type-simple"},"_links":{"self":[{"href":"https:\/\/eterle.cz\/eshop\/wp-json\/wp\/v2\/product\/12701","targetHints":{"allow":["GET"]}}],"collection":[{"href":"https:\/\/eterle.cz\/eshop\/wp-json\/wp\/v2\/product"}],"about":[{"href":"https:\/\/eterle.cz\/eshop\/wp-json\/wp\/v2\/types\/product"}],"version-history":[{"count":0,"href":"https:\/\/eterle.cz\/eshop\/wp-json\/wp\/v2\/product\/12701\/revisions"}],"wp:featuredmedia":[{"embeddable":true,"href":"https:\/\/eterle.cz\/eshop\/wp-json\/wp\/v2\/media\/12340"}],"wp:attachment":[{"href":"https:\/\/eterle.cz\/eshop\/wp-json\/wp\/v2\/media?parent=12701"}],"wp:term":[{"taxonomy":"product_brand","embeddable":true,"href":"https:\/\/eterle.cz\/eshop\/wp-json\/wp\/v2\/product_brand?post=12701"},{"taxonomy":"product_cat","embeddable":true,"href":"https:\/\/eterle.cz\/eshop\/wp-json\/wp\/v2\/product_cat?post=12701"},{"taxonomy":"product_tag","embeddable":true,"href":"https:\/\/eterle.cz\/eshop\/wp-json\/wp\/v2\/product_tag?post=12701"}],"curies":[{"name":"wp","href":"https:\/\/api.w.org\/{rel}","templated":true}]}}