{"id":12702,"date":"2022-12-30T10:23:05","date_gmt":"2022-12-30T09:23:05","guid":{"rendered":"https:\/\/eterle.cz\/eshop\/produkt\/sklenena-vaza-lita\/"},"modified":"2025-02-16T02:56:00","modified_gmt":"2025-02-16T01:56:00","slug":"sklenena-vaza-lita","status":"publish","type":"product","link":"https:\/\/eterle.cz\/eshop\/produkt\/sklenena-vaza-lita\/","title":{"rendered":"Sklen\u011bn\u00e1 v\u00e1za lit\u00e1"},"content":{"rendered":"<p>Sklen\u011bn\u00e1 lit\u00e1 v\u00e1za ve stylu Moser. V\u00e1za je velmi stabiln\u00ed, tud\u00ed\u017e je vhodn\u00e1 jak na velkou kytici, tak na v\u011btv\u011b.<\/p>\n<p>Stav: velmi dobr\u00fd stav, bez o\u0165uk\u016f a \u0161kr\u00e1banc\u016f<br \/>\nRozm\u011br<br \/>\nPr\u016fm\u011br horn\u00ed: 12 cm<br \/>\nV\u00fd\u0161ka: 25 cm<\/p>\n","protected":false},"excerpt":{"rendered":"<p>Sklen\u011bn\u00e1 lit\u00e1 v\u00e1za ve stylu Moser. V\u00e1za je velmi stabiln\u00ed, tud\u00ed\u017e je vhodn\u00e1 jak na velkou kytici, tak na v\u011btv\u011b.<\/p>\n","protected":false},"featured_media":12342,"template":"","meta":[],"product_brand":[153],"product_cat":[91],"product_tag":[],"class_list":{"0":"post-12702","1":"product","2":"type-product","3":"status-publish","4":"has-post-thumbnail","6":"product_brand-eterle-cz","7":"product_cat-prodane","9":"first","10":"outofstock","11":"purchasable","12":"product-type-simple"},"_links":{"self":[{"href":"https:\/\/eterle.cz\/eshop\/wp-json\/wp\/v2\/product\/12702","targetHints":{"allow":["GET"]}}],"collection":[{"href":"https:\/\/eterle.cz\/eshop\/wp-json\/wp\/v2\/product"}],"about":[{"href":"https:\/\/eterle.cz\/eshop\/wp-json\/wp\/v2\/types\/product"}],"version-history":[{"count":0,"href":"https:\/\/eterle.cz\/eshop\/wp-json\/wp\/v2\/product\/12702\/revisions"}],"wp:featuredmedia":[{"embeddable":true,"href":"https:\/\/eterle.cz\/eshop\/wp-json\/wp\/v2\/media\/12342"}],"wp:attachment":[{"href":"https:\/\/eterle.cz\/eshop\/wp-json\/wp\/v2\/media?parent=12702"}],"wp:term":[{"taxonomy":"product_brand","embeddable":true,"href":"https:\/\/eterle.cz\/eshop\/wp-json\/wp\/v2\/product_brand?post=12702"},{"taxonomy":"product_cat","embeddable":true,"href":"https:\/\/eterle.cz\/eshop\/wp-json\/wp\/v2\/product_cat?post=12702"},{"taxonomy":"product_tag","embeddable":true,"href":"https:\/\/eterle.cz\/eshop\/wp-json\/wp\/v2\/product_tag?post=12702"}],"curies":[{"name":"wp","href":"https:\/\/api.w.org\/{rel}","templated":true}]}}