{"id":12703,"date":"2022-12-30T10:23:06","date_gmt":"2022-12-30T09:23:06","guid":{"rendered":"https:\/\/eterle.cz\/eshop\/produkt\/sklenena-vaza-josef-inwald\/"},"modified":"2025-02-16T02:55:59","modified_gmt":"2025-02-16T01:55:59","slug":"sklenena-vaza-josef-inwald","status":"publish","type":"product","link":"https:\/\/eterle.cz\/eshop\/produkt\/sklenena-vaza-josef-inwald\/","title":{"rendered":"Sklen\u011bn\u00e1 v\u00e1za \/ Josef Inwald"},"content":{"rendered":"<p>Kr\u00e1sn\u00e1 lit\u00e1 v\u00e1za z obdob\u00ed art deca (1935-1945) zdoben\u00e1 svisl\u00fdmi plochami a v doln\u00ed \u010d\u00e1sti s reli\u00e9fn\u00edmi v\u00fdstupy. V\u00e1za je ide\u00e1ln\u00ed na v\u011bt\u0161\u00ed kytice a d\u00edky sv\u00e9 v\u00fd\u0161ce a stabilit\u011b pojme i drobn\u011bj\u0161\u00ed v\u011btve.<\/p>\n<p>Stav: dobr\u00fd. Drobn\u00e9 \u0161kr\u00e1bance na dn\u011b od pou\u017e\u00edv\u00e1n\u00ed, cca 1 cm o\u0165uk na vnit\u0159n\u00ed stran\u011b horn\u00edho lemu<br \/>\nZna\u010dka: skl\u00e1rna Josef Inwald, Dub\u00ed u Teplice. Mo\u017en\u00e1 dle n\u00e1vrhu Rudolfa Schrottera<br \/>\nRozm\u011br<br \/>\nPr\u016fm\u011br horn\u00ed: 14,5 cm<br \/>\nV\u00fd\u0161ka: 25 cm<\/p>\n","protected":false},"excerpt":{"rendered":"<p>Kr\u00e1sn\u00e1 lit\u00e1 v\u00e1za z obdob\u00ed art deca (1935-1945) zdoben\u00e1 svisl\u00fdmi plochami a v doln\u00ed \u010d\u00e1sti s reli\u00e9fn\u00edmi v\u00fdstupy. V\u00e1za je<\/p>\n","protected":false},"featured_media":12344,"template":"","meta":[],"product_brand":[153],"product_cat":[91],"product_tag":[],"class_list":{"0":"post-12703","1":"product","2":"type-product","3":"status-publish","4":"has-post-thumbnail","6":"product_brand-eterle-cz","7":"product_cat-prodane","9":"first","10":"outofstock","11":"purchasable","12":"product-type-simple"},"_links":{"self":[{"href":"https:\/\/eterle.cz\/eshop\/wp-json\/wp\/v2\/product\/12703","targetHints":{"allow":["GET"]}}],"collection":[{"href":"https:\/\/eterle.cz\/eshop\/wp-json\/wp\/v2\/product"}],"about":[{"href":"https:\/\/eterle.cz\/eshop\/wp-json\/wp\/v2\/types\/product"}],"version-history":[{"count":0,"href":"https:\/\/eterle.cz\/eshop\/wp-json\/wp\/v2\/product\/12703\/revisions"}],"wp:featuredmedia":[{"embeddable":true,"href":"https:\/\/eterle.cz\/eshop\/wp-json\/wp\/v2\/media\/12344"}],"wp:attachment":[{"href":"https:\/\/eterle.cz\/eshop\/wp-json\/wp\/v2\/media?parent=12703"}],"wp:term":[{"taxonomy":"product_brand","embeddable":true,"href":"https:\/\/eterle.cz\/eshop\/wp-json\/wp\/v2\/product_brand?post=12703"},{"taxonomy":"product_cat","embeddable":true,"href":"https:\/\/eterle.cz\/eshop\/wp-json\/wp\/v2\/product_cat?post=12703"},{"taxonomy":"product_tag","embeddable":true,"href":"https:\/\/eterle.cz\/eshop\/wp-json\/wp\/v2\/product_tag?post=12703"}],"curies":[{"name":"wp","href":"https:\/\/api.w.org\/{rel}","templated":true}]}}