{"id":12705,"date":"2022-12-30T10:23:08","date_gmt":"2022-12-30T09:23:08","guid":{"rendered":"https:\/\/eterle.cz\/eshop\/produkt\/porcelanova-vaza-rosenthal-7\/"},"modified":"2025-02-16T02:55:59","modified_gmt":"2025-02-16T01:55:59","slug":"porcelanova-vaza-rosenthal-7","status":"publish","type":"product","link":"https:\/\/eterle.cz\/eshop\/produkt\/porcelanova-vaza-rosenthal-7\/","title":{"rendered":"Porcel\u00e1nov\u00e1 v\u00e1za \/Rosenthal"},"content":{"rendered":"<p>Men\u0161\u00ed velmi zdobn\u00e1 v\u00e1za od exkluzivn\u00ed zna\u010dky Rosenthal. V\u00e1za je zdobena jak plastick\u00fdm dekorem tak barevnou malbou kv\u011btin. Jej\u00ed opulentnost m\u016f\u017eete podtrhnout barevn\u00fdmi divok\u00fdmi kv\u011bty nebo naopak utlumit decent\u00edm monochromn\u00edm aran\u017em\u00e1, kter\u00e9 d\u00e1 vyniknout v\u00e1ze samotn\u00e9.<\/p>\n<p>Stav: velmi dobr\u00fd, m\u00edsty zlat\u00fd prou\u017eek lehce set\u0159en, uvnit\u0159 nese v\u00e1za zn\u00e1mky pou\u017e\u00edv\u00e1n\u00ed<br \/>\nZna\u010dka: Rosetnhal<br \/>\nRozm\u011br<br \/>\nPr\u016fm\u011br horn\u00ed: 9 cm<br \/>\nV\u00fd\u0161ka: 18 cm<\/p>\n","protected":false},"excerpt":{"rendered":"<p>Men\u0161\u00ed velmi zdobn\u00e1 v\u00e1za od exkluzivn\u00ed zna\u010dky Rosenthal. V\u00e1za je zdobena jak plastick\u00fdm dekorem tak barevnou malbou kv\u011btin. Jej\u00ed opulentnost<\/p>\n","protected":false},"featured_media":12348,"template":"","meta":[],"product_brand":[153],"product_cat":[91],"product_tag":[],"class_list":{"0":"post-12705","1":"product","2":"type-product","3":"status-publish","4":"has-post-thumbnail","6":"product_brand-eterle-cz","7":"product_cat-prodane","9":"first","10":"outofstock","11":"purchasable","12":"product-type-simple"},"_links":{"self":[{"href":"https:\/\/eterle.cz\/eshop\/wp-json\/wp\/v2\/product\/12705","targetHints":{"allow":["GET"]}}],"collection":[{"href":"https:\/\/eterle.cz\/eshop\/wp-json\/wp\/v2\/product"}],"about":[{"href":"https:\/\/eterle.cz\/eshop\/wp-json\/wp\/v2\/types\/product"}],"version-history":[{"count":0,"href":"https:\/\/eterle.cz\/eshop\/wp-json\/wp\/v2\/product\/12705\/revisions"}],"wp:featuredmedia":[{"embeddable":true,"href":"https:\/\/eterle.cz\/eshop\/wp-json\/wp\/v2\/media\/12348"}],"wp:attachment":[{"href":"https:\/\/eterle.cz\/eshop\/wp-json\/wp\/v2\/media?parent=12705"}],"wp:term":[{"taxonomy":"product_brand","embeddable":true,"href":"https:\/\/eterle.cz\/eshop\/wp-json\/wp\/v2\/product_brand?post=12705"},{"taxonomy":"product_cat","embeddable":true,"href":"https:\/\/eterle.cz\/eshop\/wp-json\/wp\/v2\/product_cat?post=12705"},{"taxonomy":"product_tag","embeddable":true,"href":"https:\/\/eterle.cz\/eshop\/wp-json\/wp\/v2\/product_tag?post=12705"}],"curies":[{"name":"wp","href":"https:\/\/api.w.org\/{rel}","templated":true}]}}