{"id":12706,"date":"2022-12-30T10:23:09","date_gmt":"2022-12-30T09:23:09","guid":{"rendered":"https:\/\/eterle.cz\/eshop\/produkt\/porcelanova-vaza-arsberg\/"},"modified":"2025-02-16T02:55:58","modified_gmt":"2025-02-16T01:55:58","slug":"porcelanova-vaza-arsberg","status":"publish","type":"product","link":"https:\/\/eterle.cz\/eshop\/produkt\/porcelanova-vaza-arsberg\/","title":{"rendered":"Porcel\u00e1nov\u00e1 v\u00e1za \/ Arzberg"},"content":{"rendered":"<p>Velk\u00e1 v\u00e1za s n\u011b\u017enou kresbou ve sv\u011btl\u00fdch barv\u00e1ch, kter\u00e1 p\u016fsob\u00ed a\u017e japonsk\u00fdm dojmem. P\u0159i pohledu svrchu p\u016fsob\u00ed jak otev\u0159en\u00fd kalich kv\u011btu. V\u00e1za poch\u00e1z\u00ed z d\u00edlny Arzberg, n\u011bmeck\u00e9 porcel\u00e1nky vyr\u00e1b\u011bj\u00edc\u00ed sv\u00e9 produkty p\u0159edev\u0161\u00edm v designov\u00e9 tradici Bauhaus &#8211; v souladu funkce a formy.<\/p>\n<p>Stav: velmi dobr\u00fd, bez o\u0165uk\u016f \u010di \u0161kr\u00e1banc\u016f<br \/>\nZna\u010dka: Arsberg<br \/>\nRozm\u011br<br \/>\nPr\u016fm\u011br horn\u00ed: 18 cm<br \/>\nV\u00fd\u0161ka: 29 cm<\/p>\n","protected":false},"excerpt":{"rendered":"<p>Velk\u00e1 v\u00e1za s n\u011b\u017enou kresbou ve sv\u011btl\u00fdch barv\u00e1ch, kter\u00e1 p\u016fsob\u00ed a\u017e japonsk\u00fdm dojmem. P\u0159i pohledu svrchu p\u016fsob\u00ed jak otev\u0159en\u00fd kalich<\/p>\n","protected":false},"featured_media":12350,"template":"","meta":[],"product_brand":[153],"product_cat":[91],"product_tag":[],"class_list":{"0":"post-12706","1":"product","2":"type-product","3":"status-publish","4":"has-post-thumbnail","6":"product_brand-eterle-cz","7":"product_cat-prodane","9":"first","10":"outofstock","11":"purchasable","12":"product-type-simple"},"_links":{"self":[{"href":"https:\/\/eterle.cz\/eshop\/wp-json\/wp\/v2\/product\/12706","targetHints":{"allow":["GET"]}}],"collection":[{"href":"https:\/\/eterle.cz\/eshop\/wp-json\/wp\/v2\/product"}],"about":[{"href":"https:\/\/eterle.cz\/eshop\/wp-json\/wp\/v2\/types\/product"}],"version-history":[{"count":1,"href":"https:\/\/eterle.cz\/eshop\/wp-json\/wp\/v2\/product\/12706\/revisions"}],"predecessor-version":[{"id":14368,"href":"https:\/\/eterle.cz\/eshop\/wp-json\/wp\/v2\/product\/12706\/revisions\/14368"}],"wp:featuredmedia":[{"embeddable":true,"href":"https:\/\/eterle.cz\/eshop\/wp-json\/wp\/v2\/media\/12350"}],"wp:attachment":[{"href":"https:\/\/eterle.cz\/eshop\/wp-json\/wp\/v2\/media?parent=12706"}],"wp:term":[{"taxonomy":"product_brand","embeddable":true,"href":"https:\/\/eterle.cz\/eshop\/wp-json\/wp\/v2\/product_brand?post=12706"},{"taxonomy":"product_cat","embeddable":true,"href":"https:\/\/eterle.cz\/eshop\/wp-json\/wp\/v2\/product_cat?post=12706"},{"taxonomy":"product_tag","embeddable":true,"href":"https:\/\/eterle.cz\/eshop\/wp-json\/wp\/v2\/product_tag?post=12706"}],"curies":[{"name":"wp","href":"https:\/\/api.w.org\/{rel}","templated":true}]}}