{"id":12707,"date":"2022-12-30T10:23:12","date_gmt":"2022-12-30T09:23:12","guid":{"rendered":"https:\/\/eterle.cz\/eshop\/produkt\/skolni-plakat-modrin\/"},"modified":"2025-02-16T02:55:58","modified_gmt":"2025-02-16T01:55:58","slug":"skolni-plakat-modrin","status":"publish","type":"product","link":"https:\/\/eterle.cz\/eshop\/produkt\/skolni-plakat-modrin\/","title":{"rendered":"\u0160koln\u00ed plak\u00e1t mod\u0159\u00edn"},"content":{"rendered":"<p>Kr\u00e1sn\u00fd \u0161koln\u00ed plak\u00e1t z roku 1988 s motivem mod\u0159\u00ednu opadav\u00e9ho, kter\u00fd v\u00e1m, v\u0161ak nikdy neopad\u00e1. Bude kr\u00e1snou ozdobou interi\u00e9ru. V sou\u010dasn\u00e9 dob\u011b jsou plak\u00e1ty vyhled\u00e1vanou bytovou dekorac\u00ed.<\/p>\n<p>Stav: velmi dobr\u00fd vintage, nepotrhan\u00fd<br \/>\nRozm\u011br: 60 x 82<\/p>\n","protected":false},"excerpt":{"rendered":"<p>Kr\u00e1sn\u00fd \u0161koln\u00ed plak\u00e1t z roku 1988 s motivem mod\u0159\u00ednu opadav\u00e9ho, kter\u00fd v\u00e1m, v\u0161ak nikdy neopad\u00e1. Bude kr\u00e1snou ozdobou interi\u00e9ru. V<\/p>\n","protected":false},"featured_media":12352,"template":"","meta":[],"product_brand":[153],"product_cat":[91],"product_tag":[],"class_list":{"0":"post-12707","1":"product","2":"type-product","3":"status-publish","4":"has-post-thumbnail","6":"product_brand-eterle-cz","7":"product_cat-prodane","9":"first","10":"outofstock","11":"purchasable","12":"product-type-simple"},"_links":{"self":[{"href":"https:\/\/eterle.cz\/eshop\/wp-json\/wp\/v2\/product\/12707","targetHints":{"allow":["GET"]}}],"collection":[{"href":"https:\/\/eterle.cz\/eshop\/wp-json\/wp\/v2\/product"}],"about":[{"href":"https:\/\/eterle.cz\/eshop\/wp-json\/wp\/v2\/types\/product"}],"version-history":[{"count":0,"href":"https:\/\/eterle.cz\/eshop\/wp-json\/wp\/v2\/product\/12707\/revisions"}],"wp:featuredmedia":[{"embeddable":true,"href":"https:\/\/eterle.cz\/eshop\/wp-json\/wp\/v2\/media\/12352"}],"wp:attachment":[{"href":"https:\/\/eterle.cz\/eshop\/wp-json\/wp\/v2\/media?parent=12707"}],"wp:term":[{"taxonomy":"product_brand","embeddable":true,"href":"https:\/\/eterle.cz\/eshop\/wp-json\/wp\/v2\/product_brand?post=12707"},{"taxonomy":"product_cat","embeddable":true,"href":"https:\/\/eterle.cz\/eshop\/wp-json\/wp\/v2\/product_cat?post=12707"},{"taxonomy":"product_tag","embeddable":true,"href":"https:\/\/eterle.cz\/eshop\/wp-json\/wp\/v2\/product_tag?post=12707"}],"curies":[{"name":"wp","href":"https:\/\/api.w.org\/{rel}","templated":true}]}}