{"id":12713,"date":"2022-12-30T10:23:19","date_gmt":"2022-12-30T09:23:19","guid":{"rendered":"https:\/\/eterle.cz\/eshop\/produkt\/art-deco-taburet\/"},"modified":"2025-06-24T01:52:44","modified_gmt":"2025-06-23T23:52:44","slug":"art-deco-taburet","status":"publish","type":"product","link":"https:\/\/eterle.cz\/eshop\/produkt\/art-deco-taburet\/","title":{"rendered":"Art deco taburet"},"content":{"rendered":"<p>Velmi jednoduch\u00fd art deco taburet, kter\u00fd se bude dob\u0159e kombinovat. Vhodn\u00fd kus n\u00e1bytku jak do modern\u00edho, tak retro interi\u00e9ru. Najde mnoho vyu\u017eit\u00ed od stoli\u010dky na kabelku, p\u0159es \u017eidli\u010dku na p\u0159ezouv\u00e1n\u00ed po odlo\u017een\u00ed unaven\u00fdch nohou u televize.<\/p>\n<p>Stav: velmi dobr\u00fd zachoval\u00fd stav, nepatrn\u011b zatr\u017eeno \u010daloun\u011bn\u00ed<br \/>\nRozm\u011br<br \/>\nV\u00fd\u0161ka: 44 cm<br \/>\nSed\u00e1k: 34,5 x 34,5 cm<\/p>\n","protected":false},"excerpt":{"rendered":"<p>Velmi jednoduch\u00fd art deco taburet, kter\u00fd se bude dob\u0159e kombinovat. Vhodn\u00fd kus n\u00e1bytku jak do modern\u00edho, tak retro interi\u00e9ru. Najde<\/p>\n","protected":false},"featured_media":12364,"template":"","meta":[],"product_brand":[153],"product_cat":[130,122],"product_tag":[],"class_list":{"0":"post-12713","1":"product","2":"type-product","3":"status-publish","4":"has-post-thumbnail","6":"product_brand-eterle-cz","7":"product_cat-nabytek","8":"product_cat-kresla-a-taburety","9":"product_shipping_class-nadrozmerne","11":"first","12":"instock","13":"purchasable","14":"product-type-simple"},"_links":{"self":[{"href":"https:\/\/eterle.cz\/eshop\/wp-json\/wp\/v2\/product\/12713","targetHints":{"allow":["GET"]}}],"collection":[{"href":"https:\/\/eterle.cz\/eshop\/wp-json\/wp\/v2\/product"}],"about":[{"href":"https:\/\/eterle.cz\/eshop\/wp-json\/wp\/v2\/types\/product"}],"version-history":[{"count":1,"href":"https:\/\/eterle.cz\/eshop\/wp-json\/wp\/v2\/product\/12713\/revisions"}],"predecessor-version":[{"id":26188,"href":"https:\/\/eterle.cz\/eshop\/wp-json\/wp\/v2\/product\/12713\/revisions\/26188"}],"wp:featuredmedia":[{"embeddable":true,"href":"https:\/\/eterle.cz\/eshop\/wp-json\/wp\/v2\/media\/12364"}],"wp:attachment":[{"href":"https:\/\/eterle.cz\/eshop\/wp-json\/wp\/v2\/media?parent=12713"}],"wp:term":[{"taxonomy":"product_brand","embeddable":true,"href":"https:\/\/eterle.cz\/eshop\/wp-json\/wp\/v2\/product_brand?post=12713"},{"taxonomy":"product_cat","embeddable":true,"href":"https:\/\/eterle.cz\/eshop\/wp-json\/wp\/v2\/product_cat?post=12713"},{"taxonomy":"product_tag","embeddable":true,"href":"https:\/\/eterle.cz\/eshop\/wp-json\/wp\/v2\/product_tag?post=12713"}],"curies":[{"name":"wp","href":"https:\/\/api.w.org\/{rel}","templated":true}]}}