{"id":12714,"date":"2022-12-30T10:23:20","date_gmt":"2022-12-30T09:23:20","guid":{"rendered":"https:\/\/eterle.cz\/eshop\/produkt\/stolni-lampicka-lidokov\/"},"modified":"2025-02-16T02:55:55","modified_gmt":"2025-02-16T01:55:55","slug":"stolni-lampicka-lidokov","status":"publish","type":"product","link":"https:\/\/eterle.cz\/eshop\/produkt\/stolni-lampicka-lidokov\/","title":{"rendered":"Stoln\u00ed lampi\u010dka \/ Lidokov"},"content":{"rendered":"<p>Ikonick\u00e1 stoln\u00ed lampi\u010dka Lidokov typ L117 z 60.-70. let minul\u00e9ho stolet\u00ed, kterou pro n\u00e1rodn\u00ed podnik navrhl Josef H\u016frka. Lampi\u010dka se vyzna\u010duje velmi jednoduchou a \u010distou lini\u00ed s v\u00fdraznou barvou, co\u017e jsou charakteristick\u00e9 rysy pro tvorbu J. H\u016frky. Je celokovov\u00e1, s pochromovanou konstrukc\u00ed.<\/p>\n<p>Stav: velmi dobr\u00fd p\u016fvodn\u00ed stav, lehce od\u0161t\u00edpnut\u00fd(cca 2 mm) lak na hran\u011b podstavce. Elektoinstalace p\u016fvodn\u00ed, funk\u010dn\u00ed. 250V \/ 25W.<br \/>\nZna\u010dka: Lidokov, Josef H\u016frka<br \/>\nRozm\u011br<br \/>\nPr\u016fm\u011br doln\u00edho podstavce: 11 cm<br \/>\nV\u00fd\u0161ka: 46 cm<br \/>\nPr\u016fm\u011br st\u00ednidla: 11 cm<br \/>\nD\u00e9lka st\u00ednidla: 18,5 cm<\/p>\n","protected":false},"excerpt":{"rendered":"<p>Ikonick\u00e1 stoln\u00ed lampi\u010dka Lidokov typ L117 z 60.-70. let minul\u00e9ho stolet\u00ed, kterou pro n\u00e1rodn\u00ed podnik navrhl Josef H\u016frka. Lampi\u010dka se<\/p>\n","protected":false},"featured_media":12366,"template":"","meta":[],"product_brand":[153],"product_cat":[91],"product_tag":[],"class_list":{"0":"post-12714","1":"product","2":"type-product","3":"status-publish","4":"has-post-thumbnail","6":"product_brand-eterle-cz","7":"product_cat-prodane","8":"product_shipping_class-nadrozmerne","10":"first","11":"outofstock","12":"purchasable","13":"product-type-simple"},"_links":{"self":[{"href":"https:\/\/eterle.cz\/eshop\/wp-json\/wp\/v2\/product\/12714","targetHints":{"allow":["GET"]}}],"collection":[{"href":"https:\/\/eterle.cz\/eshop\/wp-json\/wp\/v2\/product"}],"about":[{"href":"https:\/\/eterle.cz\/eshop\/wp-json\/wp\/v2\/types\/product"}],"version-history":[{"count":0,"href":"https:\/\/eterle.cz\/eshop\/wp-json\/wp\/v2\/product\/12714\/revisions"}],"wp:featuredmedia":[{"embeddable":true,"href":"https:\/\/eterle.cz\/eshop\/wp-json\/wp\/v2\/media\/12366"}],"wp:attachment":[{"href":"https:\/\/eterle.cz\/eshop\/wp-json\/wp\/v2\/media?parent=12714"}],"wp:term":[{"taxonomy":"product_brand","embeddable":true,"href":"https:\/\/eterle.cz\/eshop\/wp-json\/wp\/v2\/product_brand?post=12714"},{"taxonomy":"product_cat","embeddable":true,"href":"https:\/\/eterle.cz\/eshop\/wp-json\/wp\/v2\/product_cat?post=12714"},{"taxonomy":"product_tag","embeddable":true,"href":"https:\/\/eterle.cz\/eshop\/wp-json\/wp\/v2\/product_tag?post=12714"}],"curies":[{"name":"wp","href":"https:\/\/api.w.org\/{rel}","templated":true}]}}