{"id":12813,"date":"2023-03-07T00:57:16","date_gmt":"2023-03-06T23:57:16","guid":{"rendered":"https:\/\/eterle.cz\/eshop\/produkt\/stojan-na-kvetiny-2\/"},"modified":"2025-02-16T02:55:55","modified_gmt":"2025-02-16T01:55:55","slug":"stojan-na-kvetiny-2","status":"publish","type":"product","link":"https:\/\/eterle.cz\/eshop\/produkt\/stojan-na-kvetiny-2\/","title":{"rendered":"Stolek na kv\u011btiny"},"content":{"rendered":"<p>Velmi \u017e\u00e1dan\u00fd funkcionalistick\u00fd stojan na kv\u011btiny s opaxitov\u00fdm \u010dern\u00fdm sklem. Je kr\u00e1snou ozdobou interi\u00e9ru i bez kv\u011btin. Funkcionalistick\u00e9 kousky se v\u011bt\u0161inou hod\u00ed jak k modern\u00edmu, tak vintage vybaven\u00ed domu a u tohoto stojanu to plat\u00ed jednozna\u010dn\u011b. Pokud se neradi star\u00e1te o kv\u011btiny, m\u016f\u017eete jej vyu\u017e\u00edt na knihy a jako minibar.<\/p>\n<p>Stav: chrom nov\u011b le\u0161t\u011bn, m\u00edsty od\u0159en\u00fd, ale chrom nechyb\u00ed. Opaxitov\u00e1 skla drobn\u00e9 \u0161kr\u00e1bance. Jedno sklo tro\u0161ku \u0161t\u00edple na kraji.<br \/>\nRozm\u011br<br \/>\n\u0160\u00ed\u0159ka: 102 cm<br \/>\nHloubka: 30 cm<br \/>\nV\u00fd\u0161ka: 55 cm<\/p>\n","protected":false},"excerpt":{"rendered":"<p>Velmi \u017e\u00e1dan\u00fd funkcionalistick\u00fd stojan na kv\u011btiny s opaxitov\u00fdm \u010dern\u00fdm sklem. Je kr\u00e1snou ozdobou interi\u00e9ru i bez kv\u011btin. Funkcionalistick\u00e9 kousky se<\/p>\n","protected":false},"featured_media":12814,"template":"","meta":[],"product_brand":[153],"product_cat":[91],"product_tag":[],"class_list":{"0":"post-12813","1":"product","2":"type-product","3":"status-publish","4":"has-post-thumbnail","6":"product_brand-eterle-cz","7":"product_cat-prodane","8":"product_shipping_class-nadrozmerne","10":"first","11":"outofstock","12":"purchasable","13":"product-type-simple"},"_links":{"self":[{"href":"https:\/\/eterle.cz\/eshop\/wp-json\/wp\/v2\/product\/12813","targetHints":{"allow":["GET"]}}],"collection":[{"href":"https:\/\/eterle.cz\/eshop\/wp-json\/wp\/v2\/product"}],"about":[{"href":"https:\/\/eterle.cz\/eshop\/wp-json\/wp\/v2\/types\/product"}],"version-history":[{"count":0,"href":"https:\/\/eterle.cz\/eshop\/wp-json\/wp\/v2\/product\/12813\/revisions"}],"wp:featuredmedia":[{"embeddable":true,"href":"https:\/\/eterle.cz\/eshop\/wp-json\/wp\/v2\/media\/12814"}],"wp:attachment":[{"href":"https:\/\/eterle.cz\/eshop\/wp-json\/wp\/v2\/media?parent=12813"}],"wp:term":[{"taxonomy":"product_brand","embeddable":true,"href":"https:\/\/eterle.cz\/eshop\/wp-json\/wp\/v2\/product_brand?post=12813"},{"taxonomy":"product_cat","embeddable":true,"href":"https:\/\/eterle.cz\/eshop\/wp-json\/wp\/v2\/product_cat?post=12813"},{"taxonomy":"product_tag","embeddable":true,"href":"https:\/\/eterle.cz\/eshop\/wp-json\/wp\/v2\/product_tag?post=12813"}],"curies":[{"name":"wp","href":"https:\/\/api.w.org\/{rel}","templated":true}]}}