{"id":12826,"date":"2023-03-07T00:57:40","date_gmt":"2023-03-06T23:57:40","guid":{"rendered":"https:\/\/eterle.cz\/eshop\/produkt\/kreslo\/"},"modified":"2025-02-16T02:55:54","modified_gmt":"2025-02-16T01:55:54","slug":"kreslo","status":"publish","type":"product","link":"https:\/\/eterle.cz\/eshop\/produkt\/kreslo\/","title":{"rendered":"K\u0159eslo"},"content":{"rendered":"<p>K\u0159eslo s atypick\u00fdmi podru\u010dkami poch\u00e1z\u00ed pravd\u011bpodobn\u011b z 30. let minul\u00e9ho stolet\u00ed. D\u00edky kombinace tmav\u0161\u00ed a sv\u011btlej\u0161\u00ed barvy d\u0159eva se bude k\u0159eslo sn\u00e1ze kombinovat v interi\u00e9ru.<\/p>\n<p>Stav: p\u016fvodn\u00ed velmi zachoval\u00fd stav<br \/>\nRozm\u011br<br \/>\nV\u00fd\u0161ka: 79 cm<br \/>\n\u0160\u00ed\u0159ka: 63 cm<br \/>\nHloubka: 74 cm<br \/>\nV\u00fd\u0161ka sed\u00e1ku: 43 cm<br \/>\n\u0160\u00ed\u0159ka sed\u00e1ku: 51 cm<br \/>\nHloubka sed\u00e1ku: 48 cm<\/p>\n","protected":false},"excerpt":{"rendered":"<p>K\u0159eslo s atypick\u00fdmi podru\u010dkami poch\u00e1z\u00ed pravd\u011bpodobn\u011b z 30. let minul\u00e9ho stolet\u00ed. D\u00edky kombinace tmav\u0161\u00ed a sv\u011btlej\u0161\u00ed barvy d\u0159eva se bude<\/p>\n","protected":false},"featured_media":12827,"template":"","meta":[],"product_brand":[153],"product_cat":[91],"product_tag":[],"class_list":{"0":"post-12826","1":"product","2":"type-product","3":"status-publish","4":"has-post-thumbnail","6":"product_brand-eterle-cz","7":"product_cat-prodane","8":"product_shipping_class-nadrozmerne","10":"first","11":"outofstock","12":"purchasable","13":"product-type-simple"},"_links":{"self":[{"href":"https:\/\/eterle.cz\/eshop\/wp-json\/wp\/v2\/product\/12826","targetHints":{"allow":["GET"]}}],"collection":[{"href":"https:\/\/eterle.cz\/eshop\/wp-json\/wp\/v2\/product"}],"about":[{"href":"https:\/\/eterle.cz\/eshop\/wp-json\/wp\/v2\/types\/product"}],"version-history":[{"count":1,"href":"https:\/\/eterle.cz\/eshop\/wp-json\/wp\/v2\/product\/12826\/revisions"}],"predecessor-version":[{"id":14381,"href":"https:\/\/eterle.cz\/eshop\/wp-json\/wp\/v2\/product\/12826\/revisions\/14381"}],"wp:featuredmedia":[{"embeddable":true,"href":"https:\/\/eterle.cz\/eshop\/wp-json\/wp\/v2\/media\/12827"}],"wp:attachment":[{"href":"https:\/\/eterle.cz\/eshop\/wp-json\/wp\/v2\/media?parent=12826"}],"wp:term":[{"taxonomy":"product_brand","embeddable":true,"href":"https:\/\/eterle.cz\/eshop\/wp-json\/wp\/v2\/product_brand?post=12826"},{"taxonomy":"product_cat","embeddable":true,"href":"https:\/\/eterle.cz\/eshop\/wp-json\/wp\/v2\/product_cat?post=12826"},{"taxonomy":"product_tag","embeddable":true,"href":"https:\/\/eterle.cz\/eshop\/wp-json\/wp\/v2\/product_tag?post=12826"}],"curies":[{"name":"wp","href":"https:\/\/api.w.org\/{rel}","templated":true}]}}