{"id":12838,"date":"2023-03-07T00:58:04","date_gmt":"2023-03-06T23:58:04","guid":{"rendered":"https:\/\/eterle.cz\/eshop\/produkt\/kresilko-thonet\/"},"modified":"2025-06-24T01:52:43","modified_gmt":"2025-06-23T23:52:43","slug":"kresilko-thonet","status":"publish","type":"product","link":"https:\/\/eterle.cz\/eshop\/produkt\/kresilko-thonet\/","title":{"rendered":"K\u0159es\u00edlko \/ Thonet"},"content":{"rendered":"<p>K\u0159es\u00edlko Thonet od autor\u016f Ulricha B\u00f6hmeho, Wulfa Schneidera v kombinaci d\u0159evo, kov a k\u016f\u017ee. Tento model byl vyr\u00e1b\u011bn v 80. let minul\u00e9ho stolet\u00ed p\u0159esto p\u016fsob\u00ed velmi modern\u00edm dojmem.<\/p>\n<p>Stav: p\u016fvodn\u00ed velmi zachoval\u00fd, jen k\u016f\u017ee na sed\u00e1ku je jakoby poma\u010dkan\u00e1 a na jednom k\u0159es\u00edlku je mal\u00e1 trhlina<br \/>\nRozm\u011br<br \/>\nV\u00fd\u0161ka: 80 cm<br \/>\n\u0160\u00ed\u0159ka: 58 cm<br \/>\nHloubka: 54 cm<br \/>\nV\u00fd\u0161ka sed\u00e1ku: 45 cm<br \/>\nHloubka sed\u00e1ku: 41 cm<\/p>\n","protected":false},"excerpt":{"rendered":"<p>K\u0159es\u00edlko Thonet od autor\u016f Ulricha B\u00f6hmeho, Wulfa Schneidera v kombinaci d\u0159evo, kov a k\u016f\u017ee. Tento model byl vyr\u00e1b\u011bn v 80.<\/p>\n","protected":false},"featured_media":12839,"template":"","meta":[],"product_brand":[153],"product_cat":[130,122],"product_tag":[],"class_list":{"0":"post-12838","1":"product","2":"type-product","3":"status-publish","4":"has-post-thumbnail","6":"product_brand-eterle-cz","7":"product_cat-nabytek","8":"product_cat-kresla-a-taburety","9":"product_shipping_class-nadrozmerne","11":"first","12":"instock","13":"purchasable","14":"product-type-simple"},"_links":{"self":[{"href":"https:\/\/eterle.cz\/eshop\/wp-json\/wp\/v2\/product\/12838","targetHints":{"allow":["GET"]}}],"collection":[{"href":"https:\/\/eterle.cz\/eshop\/wp-json\/wp\/v2\/product"}],"about":[{"href":"https:\/\/eterle.cz\/eshop\/wp-json\/wp\/v2\/types\/product"}],"version-history":[{"count":1,"href":"https:\/\/eterle.cz\/eshop\/wp-json\/wp\/v2\/product\/12838\/revisions"}],"predecessor-version":[{"id":26186,"href":"https:\/\/eterle.cz\/eshop\/wp-json\/wp\/v2\/product\/12838\/revisions\/26186"}],"wp:featuredmedia":[{"embeddable":true,"href":"https:\/\/eterle.cz\/eshop\/wp-json\/wp\/v2\/media\/12839"}],"wp:attachment":[{"href":"https:\/\/eterle.cz\/eshop\/wp-json\/wp\/v2\/media?parent=12838"}],"wp:term":[{"taxonomy":"product_brand","embeddable":true,"href":"https:\/\/eterle.cz\/eshop\/wp-json\/wp\/v2\/product_brand?post=12838"},{"taxonomy":"product_cat","embeddable":true,"href":"https:\/\/eterle.cz\/eshop\/wp-json\/wp\/v2\/product_cat?post=12838"},{"taxonomy":"product_tag","embeddable":true,"href":"https:\/\/eterle.cz\/eshop\/wp-json\/wp\/v2\/product_tag?post=12838"}],"curies":[{"name":"wp","href":"https:\/\/api.w.org\/{rel}","templated":true}]}}