{"id":12848,"date":"2023-03-07T00:58:20","date_gmt":"2023-03-06T23:58:20","guid":{"rendered":"https:\/\/eterle.cz\/eshop\/produkt\/konferenci-stul-art-deco\/"},"modified":"2025-02-16T02:55:54","modified_gmt":"2025-02-16T01:55:54","slug":"konferenci-stul-art-deco","status":"publish","type":"product","link":"https:\/\/eterle.cz\/eshop\/produkt\/konferenci-stul-art-deco\/","title":{"rendered":"Konferen\u010d\u00ed st\u016fl Art deco"},"content":{"rendered":"<p>Kr\u00e1sn\u00fd Art deco konferen\u010dn\u00ed st\u016fl, kter\u00fd poch\u00e1z\u00ed z \u0159editelny plze\u0148sk\u00e9ho pivovaru.<\/p>\n<p>Stav: v\u00fdborn\u00fd, jen dva tmav\u0161\u00ed fl\u00ed\u010dky na horn\u00ed desce<br \/>\nRozm\u011br<br \/>\nV\u00fd\u0161ka: 65 cm<br \/>\nPr\u016fm\u011br: 80,5 cm<\/p>\n","protected":false},"excerpt":{"rendered":"<p>Kr\u00e1sn\u00fd Art deco konferen\u010dn\u00ed st\u016fl, kter\u00fd poch\u00e1z\u00ed z \u0159editelny plze\u0148sk\u00e9ho pivovaru. Stav: v\u00fdborn\u00fd, jen dva tmav\u0161\u00ed fl\u00ed\u010dky na horn\u00ed desce<\/p>\n","protected":false},"featured_media":12849,"template":"","meta":[],"product_brand":[153],"product_cat":[91],"product_tag":[],"class_list":{"0":"post-12848","1":"product","2":"type-product","3":"status-publish","4":"has-post-thumbnail","6":"product_brand-eterle-cz","7":"product_cat-prodane","8":"product_shipping_class-nadrozmerne","10":"first","11":"outofstock","12":"purchasable","13":"product-type-simple"},"_links":{"self":[{"href":"https:\/\/eterle.cz\/eshop\/wp-json\/wp\/v2\/product\/12848","targetHints":{"allow":["GET"]}}],"collection":[{"href":"https:\/\/eterle.cz\/eshop\/wp-json\/wp\/v2\/product"}],"about":[{"href":"https:\/\/eterle.cz\/eshop\/wp-json\/wp\/v2\/types\/product"}],"version-history":[{"count":0,"href":"https:\/\/eterle.cz\/eshop\/wp-json\/wp\/v2\/product\/12848\/revisions"}],"wp:featuredmedia":[{"embeddable":true,"href":"https:\/\/eterle.cz\/eshop\/wp-json\/wp\/v2\/media\/12849"}],"wp:attachment":[{"href":"https:\/\/eterle.cz\/eshop\/wp-json\/wp\/v2\/media?parent=12848"}],"wp:term":[{"taxonomy":"product_brand","embeddable":true,"href":"https:\/\/eterle.cz\/eshop\/wp-json\/wp\/v2\/product_brand?post=12848"},{"taxonomy":"product_cat","embeddable":true,"href":"https:\/\/eterle.cz\/eshop\/wp-json\/wp\/v2\/product_cat?post=12848"},{"taxonomy":"product_tag","embeddable":true,"href":"https:\/\/eterle.cz\/eshop\/wp-json\/wp\/v2\/product_tag?post=12848"}],"curies":[{"name":"wp","href":"https:\/\/api.w.org\/{rel}","templated":true}]}}