{"id":12875,"date":"2023-03-07T00:59:13","date_gmt":"2023-03-06T23:59:13","guid":{"rendered":"https:\/\/eterle.cz\/eshop\/produkt\/kresilko-s-dirou\/"},"modified":"2025-06-24T01:52:43","modified_gmt":"2025-06-23T23:52:43","slug":"kresilko-s-dirou","status":"publish","type":"product","link":"https:\/\/eterle.cz\/eshop\/produkt\/kresilko-s-dirou\/","title":{"rendered":"K\u0159es\u00edlko s d\u00edrou"},"content":{"rendered":"<p>K\u0159es\u00edlko podobn\u00e9 \u017eidl\u00edm od Anton\u00edna \u0160umana \u010di Oswalda Heardtla, ale zde se n\u00e1m nepoda\u0159ilo dohledat autora. M\u00e1 atypick\u00e9 detaily &#8211; tvar sed\u00e1ku je nezvykle kulat\u00fd, nohy jsou v\u00edce hranat\u00e9 ne\u017e je b\u011b\u017en\u00e9 i otvor v op\u011bradle je je velmi \u0161irok\u00fd. Jde zkr\u00e1tka o unik\u00e1tn\u00ed k\u0159es\u00edlko.<\/p>\n<p>Stav: velmi dobr\u00fd p\u016fvodn\u00ed stav<br \/>\nRozm\u011br<br \/>\nV\u00fd\u0161ka: 80 cm<br \/>\n\u0160\u00ed\u0159ka: 54 cm<br \/>\nHloubka: 60 cm<br \/>\n\u0160\u00ed\u0159ka sed\u00e1ku: 46 cm<br \/>\nHloubka sed\u00e1ku: 47 cm<\/p>\n","protected":false},"excerpt":{"rendered":"<p>K\u0159es\u00edlko podobn\u00e9 \u017eidl\u00edm od Anton\u00edna \u0160umana \u010di Oswalda Heardtla, ale zde se n\u00e1m nepoda\u0159ilo dohledat autora. M\u00e1 atypick\u00e9 detaily &#8211;<\/p>\n","protected":false},"featured_media":12876,"template":"","meta":[],"product_brand":[153],"product_cat":[130,121,122],"product_tag":[],"class_list":{"0":"post-12875","1":"product","2":"type-product","3":"status-publish","4":"has-post-thumbnail","6":"product_brand-eterle-cz","7":"product_cat-nabytek","8":"product_cat-zidle","9":"product_cat-kresla-a-taburety","10":"product_shipping_class-nadrozmerne","12":"first","13":"instock","14":"purchasable","15":"product-type-simple"},"_links":{"self":[{"href":"https:\/\/eterle.cz\/eshop\/wp-json\/wp\/v2\/product\/12875","targetHints":{"allow":["GET"]}}],"collection":[{"href":"https:\/\/eterle.cz\/eshop\/wp-json\/wp\/v2\/product"}],"about":[{"href":"https:\/\/eterle.cz\/eshop\/wp-json\/wp\/v2\/types\/product"}],"version-history":[{"count":1,"href":"https:\/\/eterle.cz\/eshop\/wp-json\/wp\/v2\/product\/12875\/revisions"}],"predecessor-version":[{"id":26184,"href":"https:\/\/eterle.cz\/eshop\/wp-json\/wp\/v2\/product\/12875\/revisions\/26184"}],"wp:featuredmedia":[{"embeddable":true,"href":"https:\/\/eterle.cz\/eshop\/wp-json\/wp\/v2\/media\/12876"}],"wp:attachment":[{"href":"https:\/\/eterle.cz\/eshop\/wp-json\/wp\/v2\/media?parent=12875"}],"wp:term":[{"taxonomy":"product_brand","embeddable":true,"href":"https:\/\/eterle.cz\/eshop\/wp-json\/wp\/v2\/product_brand?post=12875"},{"taxonomy":"product_cat","embeddable":true,"href":"https:\/\/eterle.cz\/eshop\/wp-json\/wp\/v2\/product_cat?post=12875"},{"taxonomy":"product_tag","embeddable":true,"href":"https:\/\/eterle.cz\/eshop\/wp-json\/wp\/v2\/product_tag?post=12875"}],"curies":[{"name":"wp","href":"https:\/\/api.w.org\/{rel}","templated":true}]}}