{"id":12883,"date":"2023-03-07T00:59:27","date_gmt":"2023-03-06T23:59:27","guid":{"rendered":"https:\/\/eterle.cz\/eshop\/produkt\/zidle-s-dirou-oswald-haerdtl-2\/"},"modified":"2025-06-24T01:52:43","modified_gmt":"2025-06-23T23:52:43","slug":"zidle-s-dirou-oswald-haerdtl-2","status":"publish","type":"product","link":"https:\/\/eterle.cz\/eshop\/produkt\/zidle-s-dirou-oswald-haerdtl-2\/","title":{"rendered":"\u017didle s d\u00edrou  \/ Oswald Haerdtl"},"content":{"rendered":"<p>J\u00eddeln\u00ed \u017eidle od Oswalda Haerdtla pro Ton vyroben\u00e1 v 50. let minul\u00e9ho stolet\u00ed.<\/p>\n<p>Stav: dobr\u00fd p\u016fvodn\u00ed stav, pouze flek od vody na sed\u00e1ku<br \/>\nZna\u010dka: Oswald Haerdtl<br \/>\nRozm\u011br<br \/>\nV\u00fd\u0161ka: 82 cm<br \/>\n\u0160\u00ed\u0159ka: 44 cm<br \/>\nHloubka: 54 cm<\/p>\n","protected":false},"excerpt":{"rendered":"<p>J\u00eddeln\u00ed \u017eidle od Oswalda Haerdtla pro Ton vyroben\u00e1 v 50. let minul\u00e9ho stolet\u00ed. Stav: dobr\u00fd p\u016fvodn\u00ed stav, pouze flek od<\/p>\n","protected":false},"featured_media":12884,"template":"","meta":[],"product_brand":[153],"product_cat":[130,121],"product_tag":[],"class_list":{"0":"post-12883","1":"product","2":"type-product","3":"status-publish","4":"has-post-thumbnail","6":"product_brand-eterle-cz","7":"product_cat-nabytek","8":"product_cat-zidle","9":"product_shipping_class-nadrozmerne","11":"first","12":"instock","13":"purchasable","14":"product-type-simple"},"_links":{"self":[{"href":"https:\/\/eterle.cz\/eshop\/wp-json\/wp\/v2\/product\/12883","targetHints":{"allow":["GET"]}}],"collection":[{"href":"https:\/\/eterle.cz\/eshop\/wp-json\/wp\/v2\/product"}],"about":[{"href":"https:\/\/eterle.cz\/eshop\/wp-json\/wp\/v2\/types\/product"}],"version-history":[{"count":1,"href":"https:\/\/eterle.cz\/eshop\/wp-json\/wp\/v2\/product\/12883\/revisions"}],"predecessor-version":[{"id":26183,"href":"https:\/\/eterle.cz\/eshop\/wp-json\/wp\/v2\/product\/12883\/revisions\/26183"}],"wp:featuredmedia":[{"embeddable":true,"href":"https:\/\/eterle.cz\/eshop\/wp-json\/wp\/v2\/media\/12884"}],"wp:attachment":[{"href":"https:\/\/eterle.cz\/eshop\/wp-json\/wp\/v2\/media?parent=12883"}],"wp:term":[{"taxonomy":"product_brand","embeddable":true,"href":"https:\/\/eterle.cz\/eshop\/wp-json\/wp\/v2\/product_brand?post=12883"},{"taxonomy":"product_cat","embeddable":true,"href":"https:\/\/eterle.cz\/eshop\/wp-json\/wp\/v2\/product_cat?post=12883"},{"taxonomy":"product_tag","embeddable":true,"href":"https:\/\/eterle.cz\/eshop\/wp-json\/wp\/v2\/product_tag?post=12883"}],"curies":[{"name":"wp","href":"https:\/\/api.w.org\/{rel}","templated":true}]}}