{"id":12890,"date":"2023-03-07T00:59:39","date_gmt":"2023-03-06T23:59:39","guid":{"rendered":"https:\/\/eterle.cz\/eshop\/produkt\/konferencni-stolek-opaxitove-sklo-2\/"},"modified":"2025-02-16T02:55:52","modified_gmt":"2025-02-16T01:55:52","slug":"konferencni-stolek-opaxitove-sklo-2","status":"publish","type":"product","link":"https:\/\/eterle.cz\/eshop\/produkt\/konferencni-stolek-opaxitove-sklo-2\/","title":{"rendered":"Konferen\u010dn\u00ed stolek opaxitov\u00e9 sklo"},"content":{"rendered":"<p>Konferen\u010dn\u00ed stolek z 60. let 20. stolet\u00ed, kter\u00fd je posledn\u00ed dobou velmi obl\u00edben\u00fd a st\u00e1le stoup\u00e1 na cen\u011b. Byl vyroben\u00fd v podniku Interier Praha podle n\u00e1vrhu Ji\u0159\u00edho Jiroutka a d\u011blal se ve dvou variant\u00e1ch &#8211; s b\u00edlou nebo \u010dernou sklen\u011bnou opaxitovou deskou. Podno\u017e\u00ed stolu je z masivn\u00edho bukov\u00e9ho d\u0159eva. Sklen\u011bn\u00e1 deska je vyj\u00edmateln\u00e1, tak\u017ee opatrn\u011b p\u0159i manipulaci, a\u0165 v\u00e1m nevypadne.<\/p>\n<p>Stav: dobr\u00fd p\u016fvodn\u00ed, sklo nese zn\u00e1mky u\u017e\u00edv\u00e1n\u00ed &#8211; tenk\u00e9 \u0161kr\u00e1bance<br \/>\nRozm\u011br<br \/>\nV\u00fd\u0161ka: 60 cm (57 cm druh\u00fd st\u016fl)<br \/>\nD\u00e9lka: 120 cm<br \/>\nHloubka: 55 cm<\/p>\n","protected":false},"excerpt":{"rendered":"<p>Konferen\u010dn\u00ed stolek z 60. let 20. stolet\u00ed, kter\u00fd je posledn\u00ed dobou velmi obl\u00edben\u00fd a st\u00e1le stoup\u00e1 na cen\u011b. Byl vyroben\u00fd<\/p>\n","protected":false},"featured_media":12891,"template":"","meta":[],"product_brand":[153],"product_cat":[91],"product_tag":[],"class_list":{"0":"post-12890","1":"product","2":"type-product","3":"status-publish","4":"has-post-thumbnail","6":"product_brand-eterle-cz","7":"product_cat-prodane","8":"product_shipping_class-nadrozmerne","10":"first","11":"outofstock","12":"purchasable","13":"product-type-simple"},"_links":{"self":[{"href":"https:\/\/eterle.cz\/eshop\/wp-json\/wp\/v2\/product\/12890","targetHints":{"allow":["GET"]}}],"collection":[{"href":"https:\/\/eterle.cz\/eshop\/wp-json\/wp\/v2\/product"}],"about":[{"href":"https:\/\/eterle.cz\/eshop\/wp-json\/wp\/v2\/types\/product"}],"version-history":[{"count":1,"href":"https:\/\/eterle.cz\/eshop\/wp-json\/wp\/v2\/product\/12890\/revisions"}],"predecessor-version":[{"id":17347,"href":"https:\/\/eterle.cz\/eshop\/wp-json\/wp\/v2\/product\/12890\/revisions\/17347"}],"wp:featuredmedia":[{"embeddable":true,"href":"https:\/\/eterle.cz\/eshop\/wp-json\/wp\/v2\/media\/12891"}],"wp:attachment":[{"href":"https:\/\/eterle.cz\/eshop\/wp-json\/wp\/v2\/media?parent=12890"}],"wp:term":[{"taxonomy":"product_brand","embeddable":true,"href":"https:\/\/eterle.cz\/eshop\/wp-json\/wp\/v2\/product_brand?post=12890"},{"taxonomy":"product_cat","embeddable":true,"href":"https:\/\/eterle.cz\/eshop\/wp-json\/wp\/v2\/product_cat?post=12890"},{"taxonomy":"product_tag","embeddable":true,"href":"https:\/\/eterle.cz\/eshop\/wp-json\/wp\/v2\/product_tag?post=12890"}],"curies":[{"name":"wp","href":"https:\/\/api.w.org\/{rel}","templated":true}]}}