{"id":12895,"date":"2023-03-07T00:59:47","date_gmt":"2023-03-06T23:59:47","guid":{"rendered":"https:\/\/eterle.cz\/eshop\/produkt\/zidle-s-popruhy\/"},"modified":"2025-02-16T02:55:51","modified_gmt":"2025-02-16T01:55:51","slug":"zidle-s-popruhy","status":"publish","type":"product","link":"https:\/\/eterle.cz\/eshop\/produkt\/zidle-s-popruhy\/","title":{"rendered":"\u017didle s popruhy"},"content":{"rendered":"<p>\u017dilde k\u0159es\u00edlkovit\u00e9ho typu vyrobena v 50. letech  pravd\u011bpodobn\u011b na zak\u00e1zku pro \u0159editelstv\u00ed plze\u0148sk\u00e9ho pivovaru. Popruhy jsou ko\u017een\u00e9. Podobn\u00fd model \u017eidle jsme na\u0161ly od Dirka van Sliedrechta z roku 1954.<\/p>\n<p>Stav: vintage s patinou<br \/>\nRozm\u011br<br \/>\nV\u00fd\u0161ka: 84 cm<br \/>\n\u0160\u00ed\u0159ka: 47 cm<br \/>\nHloubka: 55 cm<\/p>\n","protected":false},"excerpt":{"rendered":"<p>\u017dilde k\u0159es\u00edlkovit\u00e9ho typu vyrobena v 50. letech pravd\u011bpodobn\u011b na zak\u00e1zku pro \u0159editelstv\u00ed plze\u0148sk\u00e9ho pivovaru. Popruhy jsou ko\u017een\u00e9. Podobn\u00fd model \u017eidle<\/p>\n","protected":false},"featured_media":12896,"template":"","meta":[],"product_brand":[153],"product_cat":[91],"product_tag":[],"class_list":{"0":"post-12895","1":"product","2":"type-product","3":"status-publish","4":"has-post-thumbnail","6":"product_brand-eterle-cz","7":"product_cat-prodane","8":"product_shipping_class-nadrozmerne","10":"first","11":"outofstock","12":"purchasable","13":"product-type-simple"},"_links":{"self":[{"href":"https:\/\/eterle.cz\/eshop\/wp-json\/wp\/v2\/product\/12895","targetHints":{"allow":["GET"]}}],"collection":[{"href":"https:\/\/eterle.cz\/eshop\/wp-json\/wp\/v2\/product"}],"about":[{"href":"https:\/\/eterle.cz\/eshop\/wp-json\/wp\/v2\/types\/product"}],"version-history":[{"count":0,"href":"https:\/\/eterle.cz\/eshop\/wp-json\/wp\/v2\/product\/12895\/revisions"}],"wp:featuredmedia":[{"embeddable":true,"href":"https:\/\/eterle.cz\/eshop\/wp-json\/wp\/v2\/media\/12896"}],"wp:attachment":[{"href":"https:\/\/eterle.cz\/eshop\/wp-json\/wp\/v2\/media?parent=12895"}],"wp:term":[{"taxonomy":"product_brand","embeddable":true,"href":"https:\/\/eterle.cz\/eshop\/wp-json\/wp\/v2\/product_brand?post=12895"},{"taxonomy":"product_cat","embeddable":true,"href":"https:\/\/eterle.cz\/eshop\/wp-json\/wp\/v2\/product_cat?post=12895"},{"taxonomy":"product_tag","embeddable":true,"href":"https:\/\/eterle.cz\/eshop\/wp-json\/wp\/v2\/product_tag?post=12895"}],"curies":[{"name":"wp","href":"https:\/\/api.w.org\/{rel}","templated":true}]}}