{"id":12910,"date":"2023-03-07T01:00:18","date_gmt":"2023-03-07T00:00:18","guid":{"rendered":"https:\/\/eterle.cz\/eshop\/produkt\/konferencni-stolek-4\/"},"modified":"2025-11-09T00:30:52","modified_gmt":"2025-11-08T23:30:52","slug":"konferencni-stolek-4","status":"publish","type":"product","link":"https:\/\/eterle.cz\/eshop\/produkt\/konferencni-stolek-4\/","title":{"rendered":"Konferen\u010dn\u00ed stolek"},"content":{"rendered":"<p>Konferen\u010dn\u00ed stolek s kovovou podno\u017e\u00ed a sklen\u011bnou deskou. Vyroben\u00fd pravd\u011bpodobn\u011b v 70. a\u017e 80. letech minul\u00e9ho stolet\u00ed.<\/p>\n<p>Stav: dobr\u00fd p\u016fvodn\u00ed, flek na horn\u00ed desce od zate\u010den\u00e9 vody, kovov\u00e9 nohy m\u00edrn2 od\u0159en\u00e9<br \/>\nRozm\u011br<br \/>\nV\u00fd\u0161ka: 43 cm<br \/>\nD\u00e9lka: 141 cm<br \/>\nHloubka: 50 cm<\/p>\n","protected":false},"excerpt":{"rendered":"<p>Konferen\u010dn\u00ed stolek s kovovou podno\u017e\u00ed a sklen\u011bnou deskou. Vyroben\u00fd pravd\u011bpodobn\u011b v 70. a\u017e 80. letech minul\u00e9ho stolet\u00ed. Stav: dobr\u00fd p\u016fvodn\u00ed,<\/p>\n","protected":false},"featured_media":12911,"template":"","meta":[],"product_brand":[153],"product_cat":[91],"product_tag":[],"class_list":{"0":"post-12910","1":"product","2":"type-product","3":"status-publish","4":"has-post-thumbnail","6":"product_brand-eterle-cz","7":"product_cat-prodane","8":"product_shipping_class-nadrozmerne","10":"first","11":"outofstock","12":"purchasable","13":"product-type-simple"},"_links":{"self":[{"href":"https:\/\/eterle.cz\/eshop\/wp-json\/wp\/v2\/product\/12910","targetHints":{"allow":["GET"]}}],"collection":[{"href":"https:\/\/eterle.cz\/eshop\/wp-json\/wp\/v2\/product"}],"about":[{"href":"https:\/\/eterle.cz\/eshop\/wp-json\/wp\/v2\/types\/product"}],"version-history":[{"count":1,"href":"https:\/\/eterle.cz\/eshop\/wp-json\/wp\/v2\/product\/12910\/revisions"}],"predecessor-version":[{"id":26182,"href":"https:\/\/eterle.cz\/eshop\/wp-json\/wp\/v2\/product\/12910\/revisions\/26182"}],"wp:featuredmedia":[{"embeddable":true,"href":"https:\/\/eterle.cz\/eshop\/wp-json\/wp\/v2\/media\/12911"}],"wp:attachment":[{"href":"https:\/\/eterle.cz\/eshop\/wp-json\/wp\/v2\/media?parent=12910"}],"wp:term":[{"taxonomy":"product_brand","embeddable":true,"href":"https:\/\/eterle.cz\/eshop\/wp-json\/wp\/v2\/product_brand?post=12910"},{"taxonomy":"product_cat","embeddable":true,"href":"https:\/\/eterle.cz\/eshop\/wp-json\/wp\/v2\/product_cat?post=12910"},{"taxonomy":"product_tag","embeddable":true,"href":"https:\/\/eterle.cz\/eshop\/wp-json\/wp\/v2\/product_tag?post=12910"}],"curies":[{"name":"wp","href":"https:\/\/api.w.org\/{rel}","templated":true}]}}