{"id":12933,"date":"2023-03-07T01:01:04","date_gmt":"2023-03-07T00:01:04","guid":{"rendered":"https:\/\/eterle.cz\/eshop\/produkt\/4-jidelni-zidle-ludvik-volak\/"},"modified":"2025-02-16T02:55:50","modified_gmt":"2025-02-16T01:55:50","slug":"4-jidelni-zidle-ludvik-volak","status":"publish","type":"product","link":"https:\/\/eterle.cz\/eshop\/produkt\/4-jidelni-zidle-ludvik-volak\/","title":{"rendered":"4 j\u00eddeln\u00ed \u017eidle \/ Ludv\u00edk Vol\u00e1k"},"content":{"rendered":"<p>J\u00eddeln\u00ed \u017eidle od Ludv\u00edka Vol\u00e1ka, kter\u00fd byl od roku 1959 hlavn\u00edm in\u017een\u00fdrem D\u0159evopodniku v Hole\u0161ov\u011b. Uvedl na trh novou n\u00e1bytk\u00e1\u0159skou technologii &#8222;d\u0159evolamin\u00e1t&#8220;, kter\u00e1 ve v\u00fdrob\u011b sedac\u00edho n\u00e1bytku reprezentovala \u010cSSR na mnoha v\u00fdstav\u00e1ch v zahrani\u010d\u00ed a na velvyslanectv\u00edch.<\/p>\n<p>Stav: dobr\u00fd p\u016fvodn\u00ed stav, dv\u011b \u017eidle od\u0159en\u00fd lak v z\u00e1hybu podru\u010dek<br \/>\nRozm\u011br<br \/>\nV\u00fd\u0161ka: 81 cm<br \/>\n\u0160\u00ed\u0159ka: 46 cm<br \/>\nHloubka: 55 cm<\/p>\n","protected":false},"excerpt":{"rendered":"<p>J\u00eddeln\u00ed \u017eidle od Ludv\u00edka Vol\u00e1ka, kter\u00fd byl od roku 1959 hlavn\u00edm in\u017een\u00fdrem D\u0159evopodniku v Hole\u0161ov\u011b. Uvedl na trh novou n\u00e1bytk\u00e1\u0159skou<\/p>\n","protected":false},"featured_media":12934,"template":"","meta":[],"product_brand":[153],"product_cat":[91],"product_tag":[],"class_list":{"0":"post-12933","1":"product","2":"type-product","3":"status-publish","4":"has-post-thumbnail","6":"product_brand-eterle-cz","7":"product_cat-prodane","8":"product_shipping_class-nadrozmerne","10":"first","11":"outofstock","12":"purchasable","13":"product-type-simple"},"_links":{"self":[{"href":"https:\/\/eterle.cz\/eshop\/wp-json\/wp\/v2\/product\/12933","targetHints":{"allow":["GET"]}}],"collection":[{"href":"https:\/\/eterle.cz\/eshop\/wp-json\/wp\/v2\/product"}],"about":[{"href":"https:\/\/eterle.cz\/eshop\/wp-json\/wp\/v2\/types\/product"}],"version-history":[{"count":1,"href":"https:\/\/eterle.cz\/eshop\/wp-json\/wp\/v2\/product\/12933\/revisions"}],"predecessor-version":[{"id":15940,"href":"https:\/\/eterle.cz\/eshop\/wp-json\/wp\/v2\/product\/12933\/revisions\/15940"}],"wp:featuredmedia":[{"embeddable":true,"href":"https:\/\/eterle.cz\/eshop\/wp-json\/wp\/v2\/media\/12934"}],"wp:attachment":[{"href":"https:\/\/eterle.cz\/eshop\/wp-json\/wp\/v2\/media?parent=12933"}],"wp:term":[{"taxonomy":"product_brand","embeddable":true,"href":"https:\/\/eterle.cz\/eshop\/wp-json\/wp\/v2\/product_brand?post=12933"},{"taxonomy":"product_cat","embeddable":true,"href":"https:\/\/eterle.cz\/eshop\/wp-json\/wp\/v2\/product_cat?post=12933"},{"taxonomy":"product_tag","embeddable":true,"href":"https:\/\/eterle.cz\/eshop\/wp-json\/wp\/v2\/product_tag?post=12933"}],"curies":[{"name":"wp","href":"https:\/\/api.w.org\/{rel}","templated":true}]}}