{"id":12952,"date":"2023-03-07T01:01:44","date_gmt":"2023-03-07T00:01:44","guid":{"rendered":"https:\/\/eterle.cz\/eshop\/produkt\/4-jidleni-zidle-thonet\/"},"modified":"2025-02-16T02:55:49","modified_gmt":"2025-02-16T01:55:49","slug":"4-jidleni-zidle-thonet","status":"publish","type":"product","link":"https:\/\/eterle.cz\/eshop\/produkt\/4-jidleni-zidle-thonet\/","title":{"rendered":"4 J\u00eddlen\u00ed \u017eidle \/ Thonet"},"content":{"rendered":"<p>\u017didle z oh\u00fdban\u00e9ho d\u0159eva, kdysi pou\u017e\u00edvan\u00e9 v tradi\u010dn\u00edch kav\u00e1rn\u00e1ch, je od v\u00fdrobce ZPM Radomsko z Polska, kter\u00fd vyr\u00e1b\u00ed d\u0159ev\u011bn\u00e9 \u017eidle pro Thonet ji\u017e od roku 1881. Tyto \u017eidle byly vyrobeny pro Mobilair Germany. Tento model jsme u n\u00e1s je\u0161t\u011b vid\u011bli.<\/p>\n<p>Stav: dobr\u00fd p\u016fvodn\u00ed s patinou, popraskan\u00fd lak na sed\u00e1c\u00edch<br \/>\nZna\u010dka: Thonet<br \/>\nRozm\u011br<br \/>\nV\u00fd\u0161ka: 89 cm<br \/>\n\u0160\u00ed\u0159ka: 40 cm<br \/>\nHloubka: 52 cm<\/p>\n","protected":false},"excerpt":{"rendered":"<p>\u017didle z oh\u00fdban\u00e9ho d\u0159eva, kdysi pou\u017e\u00edvan\u00e9 v tradi\u010dn\u00edch kav\u00e1rn\u00e1ch, je od v\u00fdrobce ZPM Radomsko z Polska, kter\u00fd vyr\u00e1b\u00ed d\u0159ev\u011bn\u00e9 \u017eidle<\/p>\n","protected":false},"featured_media":12953,"template":"","meta":[],"product_brand":[153],"product_cat":[91],"product_tag":[],"class_list":{"0":"post-12952","1":"product","2":"type-product","3":"status-publish","4":"has-post-thumbnail","6":"product_brand-eterle-cz","7":"product_cat-prodane","8":"product_shipping_class-nadrozmerne","10":"first","11":"outofstock","12":"purchasable","13":"product-type-simple"},"_links":{"self":[{"href":"https:\/\/eterle.cz\/eshop\/wp-json\/wp\/v2\/product\/12952","targetHints":{"allow":["GET"]}}],"collection":[{"href":"https:\/\/eterle.cz\/eshop\/wp-json\/wp\/v2\/product"}],"about":[{"href":"https:\/\/eterle.cz\/eshop\/wp-json\/wp\/v2\/types\/product"}],"version-history":[{"count":0,"href":"https:\/\/eterle.cz\/eshop\/wp-json\/wp\/v2\/product\/12952\/revisions"}],"wp:featuredmedia":[{"embeddable":true,"href":"https:\/\/eterle.cz\/eshop\/wp-json\/wp\/v2\/media\/12953"}],"wp:attachment":[{"href":"https:\/\/eterle.cz\/eshop\/wp-json\/wp\/v2\/media?parent=12952"}],"wp:term":[{"taxonomy":"product_brand","embeddable":true,"href":"https:\/\/eterle.cz\/eshop\/wp-json\/wp\/v2\/product_brand?post=12952"},{"taxonomy":"product_cat","embeddable":true,"href":"https:\/\/eterle.cz\/eshop\/wp-json\/wp\/v2\/product_cat?post=12952"},{"taxonomy":"product_tag","embeddable":true,"href":"https:\/\/eterle.cz\/eshop\/wp-json\/wp\/v2\/product_tag?post=12952"}],"curies":[{"name":"wp","href":"https:\/\/api.w.org\/{rel}","templated":true}]}}