{"id":12960,"date":"2023-03-07T01:01:58","date_gmt":"2023-03-07T00:01:58","guid":{"rendered":"https:\/\/eterle.cz\/eshop\/produkt\/odkladaci-stolek\/"},"modified":"2025-06-24T01:52:42","modified_gmt":"2025-06-23T23:52:42","slug":"odkladaci-stolek","status":"publish","type":"product","link":"https:\/\/eterle.cz\/eshop\/produkt\/odkladaci-stolek\/","title":{"rendered":"Odkl\u00e1dac\u00ed stolek"},"content":{"rendered":"<p>Odkl\u00e1dac\u00ed stolek z 60. let minul\u00e9ho stolet\u00ed s poli\u010dkou na \u010dasopisy je ide\u00e1ln\u00edm spole\u010dm\u00edkem jak\u00e9hokoliv n\u00e1bytku. Poslou\u017e\u00ed u sofa na odlo\u017een\u00ed knih nebo pro velkou v\u00e1zu, dob\u0159e bude vypadat i v hale, kde poslou\u017e\u00ed na odlo\u017een\u00ed kabelky \u010di n\u00e1kupu.<\/p>\n<p>Stav: velmi dobr\u00fd p\u016fvodn\u00ed, mal\u00fd kousek desky od\u0161t\u00edpl\u00fd<br \/>\nRozm\u011br<br \/>\nV\u00fd\u0161ka: 71 cm<br \/>\nD\u00e9lka: 94 cm<br \/>\nHloubka: 58 cm<\/p>\n","protected":false},"excerpt":{"rendered":"<p>Odkl\u00e1dac\u00ed stolek z 60. let minul\u00e9ho stolet\u00ed s poli\u010dkou na \u010dasopisy je ide\u00e1ln\u00edm spole\u010dm\u00edkem jak\u00e9hokoliv n\u00e1bytku. Poslou\u017e\u00ed u sofa na<\/p>\n","protected":false},"featured_media":12961,"template":"","meta":[],"product_brand":[153],"product_cat":[130,124],"product_tag":[],"class_list":{"0":"post-12960","1":"product","2":"type-product","3":"status-publish","4":"has-post-thumbnail","6":"product_brand-eterle-cz","7":"product_cat-nabytek","8":"product_cat-stoly","9":"product_shipping_class-nadrozmerne","11":"first","12":"instock","13":"purchasable","14":"product-type-simple"},"_links":{"self":[{"href":"https:\/\/eterle.cz\/eshop\/wp-json\/wp\/v2\/product\/12960","targetHints":{"allow":["GET"]}}],"collection":[{"href":"https:\/\/eterle.cz\/eshop\/wp-json\/wp\/v2\/product"}],"about":[{"href":"https:\/\/eterle.cz\/eshop\/wp-json\/wp\/v2\/types\/product"}],"version-history":[{"count":1,"href":"https:\/\/eterle.cz\/eshop\/wp-json\/wp\/v2\/product\/12960\/revisions"}],"predecessor-version":[{"id":26181,"href":"https:\/\/eterle.cz\/eshop\/wp-json\/wp\/v2\/product\/12960\/revisions\/26181"}],"wp:featuredmedia":[{"embeddable":true,"href":"https:\/\/eterle.cz\/eshop\/wp-json\/wp\/v2\/media\/12961"}],"wp:attachment":[{"href":"https:\/\/eterle.cz\/eshop\/wp-json\/wp\/v2\/media?parent=12960"}],"wp:term":[{"taxonomy":"product_brand","embeddable":true,"href":"https:\/\/eterle.cz\/eshop\/wp-json\/wp\/v2\/product_brand?post=12960"},{"taxonomy":"product_cat","embeddable":true,"href":"https:\/\/eterle.cz\/eshop\/wp-json\/wp\/v2\/product_cat?post=12960"},{"taxonomy":"product_tag","embeddable":true,"href":"https:\/\/eterle.cz\/eshop\/wp-json\/wp\/v2\/product_tag?post=12960"}],"curies":[{"name":"wp","href":"https:\/\/api.w.org\/{rel}","templated":true}]}}