{"id":12967,"date":"2023-03-07T01:02:12","date_gmt":"2023-03-07T00:02:12","guid":{"rendered":"https:\/\/eterle.cz\/eshop\/produkt\/4-jidelni-zidle-fuchs\/"},"modified":"2025-02-16T02:55:48","modified_gmt":"2025-02-16T01:55:48","slug":"4-jidelni-zidle-fuchs","status":"publish","type":"product","link":"https:\/\/eterle.cz\/eshop\/produkt\/4-jidelni-zidle-fuchs\/","title":{"rendered":"4 j\u00eddeln\u00ed \u017eidle \/ Fuchs"},"content":{"rendered":"<p>Nad\u010dasov\u00e9 j\u00eddeln\u00ed \u017eidle od designera Alana Fuchse pro \u00daLUV. \u017didle poch\u00e1zej\u00ed z 60. let minul\u00e9ho stolet\u00ed. Minimalistikc\u00e1 kostra \u017eidle je navr\u017eena tak, \u017ee ji lze d\u00edky zvolen\u00e9mu \u010daloun\u011bn\u00ed p\u0159izp\u016fsobit od 30. let a\u017e po sou\u010dasnost.<\/p>\n<p>Stav: velmi dobr\u00fd p\u016fvodn\u00ed stav, zespoda sed\u00e1ku zn\u00e1mky po neaktivn\u00edm \u010dervoto\u010di.<br \/>\nZna\u010dka: Alan Fuchs<br \/>\nRozm\u011br<br \/>\nV\u00fd\u0161ka: 77 cm<br \/>\nV\u00fd\u0161ka sed\u00e1ku: 43 cm<br \/>\n\u0160\u00ed\u0159ka: 46 cm<br \/>\n\u0160\u00ed\u0159ka sed\u00e1ku: 40 cm<br \/>\nHloubka: 48 cm<br \/>\nHloubka sed\u00e1ku: 40 cm<\/p>\n","protected":false},"excerpt":{"rendered":"<p>Nad\u010dasov\u00e9 j\u00eddeln\u00ed \u017eidle od designera Alana Fuchse pro \u00daLUV. \u017didle poch\u00e1zej\u00ed z 60. let minul\u00e9ho stolet\u00ed. Minimalistikc\u00e1 kostra \u017eidle je<\/p>\n","protected":false},"featured_media":12968,"template":"","meta":[],"product_brand":[153],"product_cat":[91],"product_tag":[],"class_list":{"0":"post-12967","1":"product","2":"type-product","3":"status-publish","4":"has-post-thumbnail","6":"product_brand-eterle-cz","7":"product_cat-prodane","8":"product_shipping_class-nadrozmerne","10":"first","11":"outofstock","12":"purchasable","13":"product-type-simple"},"_links":{"self":[{"href":"https:\/\/eterle.cz\/eshop\/wp-json\/wp\/v2\/product\/12967","targetHints":{"allow":["GET"]}}],"collection":[{"href":"https:\/\/eterle.cz\/eshop\/wp-json\/wp\/v2\/product"}],"about":[{"href":"https:\/\/eterle.cz\/eshop\/wp-json\/wp\/v2\/types\/product"}],"version-history":[{"count":1,"href":"https:\/\/eterle.cz\/eshop\/wp-json\/wp\/v2\/product\/12967\/revisions"}],"predecessor-version":[{"id":19677,"href":"https:\/\/eterle.cz\/eshop\/wp-json\/wp\/v2\/product\/12967\/revisions\/19677"}],"wp:featuredmedia":[{"embeddable":true,"href":"https:\/\/eterle.cz\/eshop\/wp-json\/wp\/v2\/media\/12968"}],"wp:attachment":[{"href":"https:\/\/eterle.cz\/eshop\/wp-json\/wp\/v2\/media?parent=12967"}],"wp:term":[{"taxonomy":"product_brand","embeddable":true,"href":"https:\/\/eterle.cz\/eshop\/wp-json\/wp\/v2\/product_brand?post=12967"},{"taxonomy":"product_cat","embeddable":true,"href":"https:\/\/eterle.cz\/eshop\/wp-json\/wp\/v2\/product_cat?post=12967"},{"taxonomy":"product_tag","embeddable":true,"href":"https:\/\/eterle.cz\/eshop\/wp-json\/wp\/v2\/product_tag?post=12967"}],"curies":[{"name":"wp","href":"https:\/\/api.w.org\/{rel}","templated":true}]}}