{"id":12976,"date":"2023-03-07T01:02:30","date_gmt":"2023-03-07T00:02:30","guid":{"rendered":"https:\/\/eterle.cz\/eshop\/produkt\/detska-postylka\/"},"modified":"2025-02-16T02:55:48","modified_gmt":"2025-02-16T01:55:48","slug":"detska-postylka","status":"publish","type":"product","link":"https:\/\/eterle.cz\/eshop\/produkt\/detska-postylka\/","title":{"rendered":"D\u011btsk\u00e1 post\u00fdlka"},"content":{"rendered":"<p>D\u011btsk\u00e1 post\u00fdlka vhodn\u00e1 na chalupu, ale i do m\u011bstsk\u00e9ho bytu ve vintage stylu. Kdy\u017e d\u00edte z post\u00fdlky odroste, m\u016f\u017eete ji p\u0159ed\u011blat na sofa, tak to m\u00e1 v pokoj\u00ed\u010dku m\u016fj syn.<\/p>\n<p>Stav: p\u016fvodn\u00ed zachoval\u00fd stav, stopy po ji\u017e neaktivn\u00edm \u010dervoto\u010di, patina<br \/>\nRozm\u011br<br \/>\nV\u00fd\u0161ka: 81 cm<br \/>\nD\u00e9lka: 140 cm<br \/>\nHloubka: 69 cm<br \/>\nVnit\u0159n\u00ed rozm\u011br: 62,5 x 134 cm<\/p>\n","protected":false},"excerpt":{"rendered":"<p>D\u011btsk\u00e1 post\u00fdlka vhodn\u00e1 na chalupu, ale i do m\u011bstsk\u00e9ho bytu ve vintage stylu. Kdy\u017e d\u00edte z post\u00fdlky odroste, m\u016f\u017eete ji<\/p>\n","protected":false},"featured_media":12977,"template":"","meta":[],"product_brand":[153],"product_cat":[91],"product_tag":[],"class_list":{"0":"post-12976","1":"product","2":"type-product","3":"status-publish","4":"has-post-thumbnail","6":"product_brand-eterle-cz","7":"product_cat-prodane","8":"product_shipping_class-nadrozmerne","10":"first","11":"outofstock","12":"purchasable","13":"product-type-simple"},"_links":{"self":[{"href":"https:\/\/eterle.cz\/eshop\/wp-json\/wp\/v2\/product\/12976","targetHints":{"allow":["GET"]}}],"collection":[{"href":"https:\/\/eterle.cz\/eshop\/wp-json\/wp\/v2\/product"}],"about":[{"href":"https:\/\/eterle.cz\/eshop\/wp-json\/wp\/v2\/types\/product"}],"version-history":[{"count":0,"href":"https:\/\/eterle.cz\/eshop\/wp-json\/wp\/v2\/product\/12976\/revisions"}],"wp:featuredmedia":[{"embeddable":true,"href":"https:\/\/eterle.cz\/eshop\/wp-json\/wp\/v2\/media\/12977"}],"wp:attachment":[{"href":"https:\/\/eterle.cz\/eshop\/wp-json\/wp\/v2\/media?parent=12976"}],"wp:term":[{"taxonomy":"product_brand","embeddable":true,"href":"https:\/\/eterle.cz\/eshop\/wp-json\/wp\/v2\/product_brand?post=12976"},{"taxonomy":"product_cat","embeddable":true,"href":"https:\/\/eterle.cz\/eshop\/wp-json\/wp\/v2\/product_cat?post=12976"},{"taxonomy":"product_tag","embeddable":true,"href":"https:\/\/eterle.cz\/eshop\/wp-json\/wp\/v2\/product_tag?post=12976"}],"curies":[{"name":"wp","href":"https:\/\/api.w.org\/{rel}","templated":true}]}}