{"id":12984,"date":"2023-03-07T01:02:46","date_gmt":"2023-03-07T00:02:46","guid":{"rendered":"https:\/\/eterle.cz\/eshop\/produkt\/funkcionalisticky-stul\/"},"modified":"2025-06-24T01:52:42","modified_gmt":"2025-06-23T23:52:42","slug":"funkcionalisticky-stul","status":"publish","type":"product","link":"https:\/\/eterle.cz\/eshop\/produkt\/funkcionalisticky-stul\/","title":{"rendered":"Funkcionalistick\u00fd st\u016fl"},"content":{"rendered":"<p>Funkcionalistick\u00fd televizn\u00ed stolek s oto\u010dnou horn\u00ed deskou m\u00e1 zaj\u00edmav\u00fd, m\u00e1lo v\u00eddan\u00fd tvar nohou.<\/p>\n<p>Stav: chrom dobr\u00fd, m\u00edsty zn\u00e1mky koroze. Desky na hran\u00e1ch od\u0159en\u00e9, z jedn\u00e9 strany horn\u00ed deska v\u011bt\u0161\u00ed od\u0161t\u00edpl\u00e1 \u010d\u00e1st (viz foto)<br \/>\nRozm\u011br<br \/>\nV\u00fd\u0161ka: 73 cm<br \/>\n\u0160\u00ed\u0159ka: 62 cm<br \/>\nHloubka: 49 cm<br \/>\nDeska: 59 x 59 cm<\/p>\n","protected":false},"excerpt":{"rendered":"<p>Funkcionalistick\u00fd televizn\u00ed stolek s oto\u010dnou horn\u00ed deskou m\u00e1 zaj\u00edmav\u00fd, m\u00e1lo v\u00eddan\u00fd tvar nohou. Stav: chrom dobr\u00fd, m\u00edsty zn\u00e1mky koroze. Desky<\/p>\n","protected":false},"featured_media":12985,"template":"","meta":[],"product_brand":[153],"product_cat":[130,124],"product_tag":[],"class_list":{"0":"post-12984","1":"product","2":"type-product","3":"status-publish","4":"has-post-thumbnail","6":"product_brand-eterle-cz","7":"product_cat-nabytek","8":"product_cat-stoly","9":"product_shipping_class-nadrozmerne","11":"first","12":"instock","13":"purchasable","14":"product-type-simple"},"_links":{"self":[{"href":"https:\/\/eterle.cz\/eshop\/wp-json\/wp\/v2\/product\/12984","targetHints":{"allow":["GET"]}}],"collection":[{"href":"https:\/\/eterle.cz\/eshop\/wp-json\/wp\/v2\/product"}],"about":[{"href":"https:\/\/eterle.cz\/eshop\/wp-json\/wp\/v2\/types\/product"}],"version-history":[{"count":1,"href":"https:\/\/eterle.cz\/eshop\/wp-json\/wp\/v2\/product\/12984\/revisions"}],"predecessor-version":[{"id":26180,"href":"https:\/\/eterle.cz\/eshop\/wp-json\/wp\/v2\/product\/12984\/revisions\/26180"}],"wp:featuredmedia":[{"embeddable":true,"href":"https:\/\/eterle.cz\/eshop\/wp-json\/wp\/v2\/media\/12985"}],"wp:attachment":[{"href":"https:\/\/eterle.cz\/eshop\/wp-json\/wp\/v2\/media?parent=12984"}],"wp:term":[{"taxonomy":"product_brand","embeddable":true,"href":"https:\/\/eterle.cz\/eshop\/wp-json\/wp\/v2\/product_brand?post=12984"},{"taxonomy":"product_cat","embeddable":true,"href":"https:\/\/eterle.cz\/eshop\/wp-json\/wp\/v2\/product_cat?post=12984"},{"taxonomy":"product_tag","embeddable":true,"href":"https:\/\/eterle.cz\/eshop\/wp-json\/wp\/v2\/product_tag?post=12984"}],"curies":[{"name":"wp","href":"https:\/\/api.w.org\/{rel}","templated":true}]}}