{"id":12992,"date":"2023-03-07T01:02:59","date_gmt":"2023-03-07T00:02:59","guid":{"rendered":"https:\/\/eterle.cz\/eshop\/produkt\/stena-up-zavody\/"},"modified":"2025-02-16T02:55:47","modified_gmt":"2025-02-16T01:55:47","slug":"stena-up-zavody","status":"publish","type":"product","link":"https:\/\/eterle.cz\/eshop\/produkt\/stena-up-zavody\/","title":{"rendered":"St\u011bna \u00daP z\u00e1vody"},"content":{"rendered":"<p>Variabiln\u00ed st\u011bna z 60. let minul\u00e9ho stolet\u00ed vhodn\u00e1 i do mal\u00e9ho bytu. Slo\u017e\u00edte do ni v\u0161e od hrne\u010dk\u016f, knih a\u017e po pr\u00e1dlo. Umo\u017e\u0148uje m\u00edt v\u011bci vystaven\u00e9 i schovan\u00e9.<\/p>\n<p>Stav: zachoval\u00fd p\u016fvodn\u00ed stav, drobn\u00e9 od\u011brky a fleky<br \/>\nRozm\u011br<br \/>\nV\u00fd\u0161ka: 163 cm<br \/>\n\u0160\u00ed\u0159ka: 135,5 cm<br \/>\nHloubka: 39 cm<\/p>\n","protected":false},"excerpt":{"rendered":"<p>Variabiln\u00ed st\u011bna z 60. let minul\u00e9ho stolet\u00ed vhodn\u00e1 i do mal\u00e9ho bytu. Slo\u017e\u00edte do ni v\u0161e od hrne\u010dk\u016f, knih a\u017e<\/p>\n","protected":false},"featured_media":12993,"template":"","meta":[],"product_brand":[153],"product_cat":[91],"product_tag":[],"class_list":{"0":"post-12992","1":"product","2":"type-product","3":"status-publish","4":"has-post-thumbnail","6":"product_brand-eterle-cz","7":"product_cat-prodane","8":"product_shipping_class-nadrozmerne","10":"first","11":"outofstock","12":"purchasable","13":"product-type-simple"},"_links":{"self":[{"href":"https:\/\/eterle.cz\/eshop\/wp-json\/wp\/v2\/product\/12992","targetHints":{"allow":["GET"]}}],"collection":[{"href":"https:\/\/eterle.cz\/eshop\/wp-json\/wp\/v2\/product"}],"about":[{"href":"https:\/\/eterle.cz\/eshop\/wp-json\/wp\/v2\/types\/product"}],"version-history":[{"count":1,"href":"https:\/\/eterle.cz\/eshop\/wp-json\/wp\/v2\/product\/12992\/revisions"}],"predecessor-version":[{"id":17327,"href":"https:\/\/eterle.cz\/eshop\/wp-json\/wp\/v2\/product\/12992\/revisions\/17327"}],"wp:featuredmedia":[{"embeddable":true,"href":"https:\/\/eterle.cz\/eshop\/wp-json\/wp\/v2\/media\/12993"}],"wp:attachment":[{"href":"https:\/\/eterle.cz\/eshop\/wp-json\/wp\/v2\/media?parent=12992"}],"wp:term":[{"taxonomy":"product_brand","embeddable":true,"href":"https:\/\/eterle.cz\/eshop\/wp-json\/wp\/v2\/product_brand?post=12992"},{"taxonomy":"product_cat","embeddable":true,"href":"https:\/\/eterle.cz\/eshop\/wp-json\/wp\/v2\/product_cat?post=12992"},{"taxonomy":"product_tag","embeddable":true,"href":"https:\/\/eterle.cz\/eshop\/wp-json\/wp\/v2\/product_tag?post=12992"}],"curies":[{"name":"wp","href":"https:\/\/api.w.org\/{rel}","templated":true}]}}