{"id":13001,"date":"2023-03-07T01:03:16","date_gmt":"2023-03-07T00:03:16","guid":{"rendered":"https:\/\/eterle.cz\/eshop\/produkt\/skrinka\/"},"modified":"2025-06-24T01:52:42","modified_gmt":"2025-06-23T23:52:42","slug":"skrinka","status":"publish","type":"product","link":"https:\/\/eterle.cz\/eshop\/produkt\/skrinka\/","title":{"rendered":"Sk\u0159\u00ed\u0148ka"},"content":{"rendered":"<p>Barov\u00e1 sk\u0159\u00ed\u0148ka s prosklenou \u010d\u00e1st\u00ed na skleni\u010dky a s uzamykateln\u00fdmi dv\u00ed\u0159ky na alkohol. Na\u00edc m\u00e1 dva praktick\u00e9 \u0161upl\u00edky t\u0159eba na karty a spole\u010densk\u00e9 hry.<\/p>\n<p>Stav: p\u016fvodn\u00ed stav, horn\u00ed deska nese zn\u00e1mky u\u017e\u00edv\u00e1n\u00ed &#8211; od\u011brky viz foto.<br \/>\nRozm\u011br<br \/>\nV\u00fd\u0161ka: 79 cm<br \/>\nD\u00e9lka: 95 cm<br \/>\nHloubka: 45 cm<\/p>\n","protected":false},"excerpt":{"rendered":"<p>Barov\u00e1 sk\u0159\u00ed\u0148ka s prosklenou \u010d\u00e1st\u00ed na skleni\u010dky a s uzamykateln\u00fdmi dv\u00ed\u0159ky na alkohol. Na\u00edc m\u00e1 dva praktick\u00e9 \u0161upl\u00edky t\u0159eba na<\/p>\n","protected":false},"featured_media":13002,"template":"","meta":[],"product_brand":[153],"product_cat":[130,125],"product_tag":[],"class_list":{"0":"post-13001","1":"product","2":"type-product","3":"status-publish","4":"has-post-thumbnail","6":"product_brand-eterle-cz","7":"product_cat-nabytek","8":"product_cat-komody-a-skrine","9":"product_shipping_class-nadrozmerne","11":"first","12":"instock","13":"purchasable","14":"product-type-simple"},"_links":{"self":[{"href":"https:\/\/eterle.cz\/eshop\/wp-json\/wp\/v2\/product\/13001","targetHints":{"allow":["GET"]}}],"collection":[{"href":"https:\/\/eterle.cz\/eshop\/wp-json\/wp\/v2\/product"}],"about":[{"href":"https:\/\/eterle.cz\/eshop\/wp-json\/wp\/v2\/types\/product"}],"version-history":[{"count":1,"href":"https:\/\/eterle.cz\/eshop\/wp-json\/wp\/v2\/product\/13001\/revisions"}],"predecessor-version":[{"id":26179,"href":"https:\/\/eterle.cz\/eshop\/wp-json\/wp\/v2\/product\/13001\/revisions\/26179"}],"wp:featuredmedia":[{"embeddable":true,"href":"https:\/\/eterle.cz\/eshop\/wp-json\/wp\/v2\/media\/13002"}],"wp:attachment":[{"href":"https:\/\/eterle.cz\/eshop\/wp-json\/wp\/v2\/media?parent=13001"}],"wp:term":[{"taxonomy":"product_brand","embeddable":true,"href":"https:\/\/eterle.cz\/eshop\/wp-json\/wp\/v2\/product_brand?post=13001"},{"taxonomy":"product_cat","embeddable":true,"href":"https:\/\/eterle.cz\/eshop\/wp-json\/wp\/v2\/product_cat?post=13001"},{"taxonomy":"product_tag","embeddable":true,"href":"https:\/\/eterle.cz\/eshop\/wp-json\/wp\/v2\/product_tag?post=13001"}],"curies":[{"name":"wp","href":"https:\/\/api.w.org\/{rel}","templated":true}]}}