{"id":13011,"date":"2023-03-07T01:03:37","date_gmt":"2023-03-07T00:03:37","guid":{"rendered":"https:\/\/eterle.cz\/eshop\/produkt\/zilde-kartell\/"},"modified":"2025-02-16T02:55:47","modified_gmt":"2025-02-16T01:55:47","slug":"zilde-kartell","status":"publish","type":"product","link":"https:\/\/eterle.cz\/eshop\/produkt\/zilde-kartell\/","title":{"rendered":"\u017didle \/ Kartell"},"content":{"rendered":"<p>Modern\u00ed italsk\u00e1 \u017eidle z polykarbon\u00e1tu od zn\u00e1m\u00e9ho designera Philippa Starcka se tv\u00e1\u0159\u00ed svou p\u016fhlednost\u00ed, \u017ee je neviditeln\u00e1.<\/p>\n<p>Stav: nese zn\u00e1mky pou\u017e\u00edv\u00e1n\u00ed, lehk\u00e9 \u0161kr\u00e1bance<br \/>\nZna\u010dka: Kartell, Philippe Starck<br \/>\nRozm\u011br<br \/>\nV\u00fd\u0161ka: 85 cm<br \/>\nV\u00fd\u0161ka sed\u00e1ku: 46 cm<br \/>\n\u0160\u00ed\u0159ka: 39 cm<br \/>\nHloubka: 39 cm<\/p>\n","protected":false},"excerpt":{"rendered":"<p>Modern\u00ed italsk\u00e1 \u017eidle z polykarbon\u00e1tu od zn\u00e1m\u00e9ho designera Philippa Starcka se tv\u00e1\u0159\u00ed svou p\u016fhlednost\u00ed, \u017ee je neviditeln\u00e1. Stav: nese zn\u00e1mky<\/p>\n","protected":false},"featured_media":13012,"template":"","meta":[],"product_brand":[153],"product_cat":[91],"product_tag":[],"class_list":{"0":"post-13011","1":"product","2":"type-product","3":"status-publish","4":"has-post-thumbnail","6":"product_brand-eterle-cz","7":"product_cat-prodane","8":"product_shipping_class-nadrozmerne","10":"first","11":"outofstock","12":"purchasable","13":"product-type-simple"},"_links":{"self":[{"href":"https:\/\/eterle.cz\/eshop\/wp-json\/wp\/v2\/product\/13011","targetHints":{"allow":["GET"]}}],"collection":[{"href":"https:\/\/eterle.cz\/eshop\/wp-json\/wp\/v2\/product"}],"about":[{"href":"https:\/\/eterle.cz\/eshop\/wp-json\/wp\/v2\/types\/product"}],"version-history":[{"count":0,"href":"https:\/\/eterle.cz\/eshop\/wp-json\/wp\/v2\/product\/13011\/revisions"}],"wp:featuredmedia":[{"embeddable":true,"href":"https:\/\/eterle.cz\/eshop\/wp-json\/wp\/v2\/media\/13012"}],"wp:attachment":[{"href":"https:\/\/eterle.cz\/eshop\/wp-json\/wp\/v2\/media?parent=13011"}],"wp:term":[{"taxonomy":"product_brand","embeddable":true,"href":"https:\/\/eterle.cz\/eshop\/wp-json\/wp\/v2\/product_brand?post=13011"},{"taxonomy":"product_cat","embeddable":true,"href":"https:\/\/eterle.cz\/eshop\/wp-json\/wp\/v2\/product_cat?post=13011"},{"taxonomy":"product_tag","embeddable":true,"href":"https:\/\/eterle.cz\/eshop\/wp-json\/wp\/v2\/product_tag?post=13011"}],"curies":[{"name":"wp","href":"https:\/\/api.w.org\/{rel}","templated":true}]}}