{"id":13018,"date":"2023-03-07T01:03:51","date_gmt":"2023-03-07T00:03:51","guid":{"rendered":"https:\/\/eterle.cz\/eshop\/produkt\/lehatko-adolf-loos-replika-z-30-let\/"},"modified":"2025-02-16T02:55:46","modified_gmt":"2025-02-16T01:55:46","slug":"lehatko-adolf-loos-replika-z-30-let","status":"publish","type":"product","link":"https:\/\/eterle.cz\/eshop\/produkt\/lehatko-adolf-loos-replika-z-30-let\/","title":{"rendered":"Leh\u00e1tko \/ Adolf Loos &#8211; replika z 30. let"},"content":{"rendered":"<p>Na zak\u00e1zku d\u011blan\u00e1 kopie z 30. let minul\u00e9ho stolet\u00ed zn\u00e1m\u00e9ho leh\u00e1tka od architekta Adolfa Loose. Loos nen\u00ed autorem ani n\u00e1vrhu origin\u00e1lu, jedn\u00e1 se sp\u00ed\u0161e o \u00fapravu leh\u00e1tka, kter\u00e9 ji\u017e od konce 19. stolet\u00ed vyr\u00e1b\u011bla anglick\u00e1 firma Hamptons. Vyu\u017eil jej a upravil nejm\u00e9n\u011b ve t\u0159ech interi\u00e9rech, kter\u00e9 navrhl na p\u0159elomu 30. a 40. let v \u010ceskoslovensku. T\u00edm nejv\u00fdznamn\u011bj\u0161\u00edm je pra\u017esk\u00e1 M\u00fcllerova vila, do jej\u00edho\u017e ob\u00fdvac\u00edho pokoje um\u00edstil hned dva kusy.<\/p>\n<p>Stav: v\u00fdborn\u00fd , nov\u011b \u010daloun\u011bno p\u016fvodn\u00edm majitelem<br \/>\nZna\u010dka: replika Adolf Loos<br \/>\nRozm\u011br<br \/>\nV\u00fd\u0161ka: 66 cm<br \/>\nD\u00e9lka: 125 cm<br \/>\n\u0160\u00ed\u0159ka: 70 cm<\/p>\n","protected":false},"excerpt":{"rendered":"<p>Na zak\u00e1zku d\u011blan\u00e1 kopie z 30. let minul\u00e9ho stolet\u00ed zn\u00e1m\u00e9ho leh\u00e1tka od architekta Adolfa Loose. Loos nen\u00ed autorem ani n\u00e1vrhu<\/p>\n","protected":false},"featured_media":13019,"template":"","meta":[],"product_brand":[153],"product_cat":[91],"product_tag":[],"class_list":{"0":"post-13018","1":"product","2":"type-product","3":"status-publish","4":"has-post-thumbnail","6":"product_brand-eterle-cz","7":"product_cat-prodane","8":"product_shipping_class-nadrozmerne","10":"first","11":"outofstock","12":"purchasable","13":"product-type-simple"},"_links":{"self":[{"href":"https:\/\/eterle.cz\/eshop\/wp-json\/wp\/v2\/product\/13018","targetHints":{"allow":["GET"]}}],"collection":[{"href":"https:\/\/eterle.cz\/eshop\/wp-json\/wp\/v2\/product"}],"about":[{"href":"https:\/\/eterle.cz\/eshop\/wp-json\/wp\/v2\/types\/product"}],"version-history":[{"count":1,"href":"https:\/\/eterle.cz\/eshop\/wp-json\/wp\/v2\/product\/13018\/revisions"}],"predecessor-version":[{"id":14365,"href":"https:\/\/eterle.cz\/eshop\/wp-json\/wp\/v2\/product\/13018\/revisions\/14365"}],"wp:featuredmedia":[{"embeddable":true,"href":"https:\/\/eterle.cz\/eshop\/wp-json\/wp\/v2\/media\/13019"}],"wp:attachment":[{"href":"https:\/\/eterle.cz\/eshop\/wp-json\/wp\/v2\/media?parent=13018"}],"wp:term":[{"taxonomy":"product_brand","embeddable":true,"href":"https:\/\/eterle.cz\/eshop\/wp-json\/wp\/v2\/product_brand?post=13018"},{"taxonomy":"product_cat","embeddable":true,"href":"https:\/\/eterle.cz\/eshop\/wp-json\/wp\/v2\/product_cat?post=13018"},{"taxonomy":"product_tag","embeddable":true,"href":"https:\/\/eterle.cz\/eshop\/wp-json\/wp\/v2\/product_tag?post=13018"}],"curies":[{"name":"wp","href":"https:\/\/api.w.org\/{rel}","templated":true}]}}