{"id":13027,"date":"2023-03-07T01:04:05","date_gmt":"2023-03-07T00:04:05","guid":{"rendered":"https:\/\/eterle.cz\/eshop\/produkt\/kreslo-jaroslav-smidek\/"},"modified":"2025-02-16T02:55:46","modified_gmt":"2025-02-16T01:55:46","slug":"kreslo-jaroslav-smidek","status":"publish","type":"product","link":"https:\/\/eterle.cz\/eshop\/produkt\/kreslo-jaroslav-smidek\/","title":{"rendered":"K\u0159eslo \/ Jaroslav \u0160m\u00eddek"},"content":{"rendered":"<p>Retro k\u0159eslo z 60. let minul\u00e9ho stolet\u00ed dle n\u00e1vrhu brn\u011bnsk\u00e9ho architekta Jaroslava \u0160m\u00eddka pro Ton, model 6950.<\/p>\n<p>Stav: dobr\u00fd p\u016fvodn\u00ed s patinou, m\u00edsty drobn\u00e9 od\u011brky na d\u0159evu<br \/>\nZna\u010dka: Ton, Jaroslav \u0160m\u00eddek<br \/>\nRozm\u011br<br \/>\nV\u00fd\u0161ka: 80 cm<br \/>\nHloubka:75 cm<br \/>\n\u0160\u00ed\u0159ka: 58 cm<br \/>\n\u0160\u00ed\u0159ka sed\u00e1ku: 48 cm<br \/>\nV\u00fd\u0161ka sed\u00e1ku: 38 cm<br \/>\nHloubka sed\u00e1ku: 49 cm<\/p>\n","protected":false},"excerpt":{"rendered":"<p>Retro k\u0159eslo z 60. let minul\u00e9ho stolet\u00ed dle n\u00e1vrhu brn\u011bnsk\u00e9ho architekta Jaroslava \u0160m\u00eddka pro Ton, model 6950. Stav: dobr\u00fd p\u016fvodn\u00ed<\/p>\n","protected":false},"featured_media":13028,"template":"","meta":[],"product_brand":[153],"product_cat":[91],"product_tag":[],"class_list":{"0":"post-13027","1":"product","2":"type-product","3":"status-publish","4":"has-post-thumbnail","6":"product_brand-eterle-cz","7":"product_cat-prodane","8":"product_shipping_class-nadrozmerne","10":"first","11":"outofstock","12":"purchasable","13":"product-type-simple"},"_links":{"self":[{"href":"https:\/\/eterle.cz\/eshop\/wp-json\/wp\/v2\/product\/13027","targetHints":{"allow":["GET"]}}],"collection":[{"href":"https:\/\/eterle.cz\/eshop\/wp-json\/wp\/v2\/product"}],"about":[{"href":"https:\/\/eterle.cz\/eshop\/wp-json\/wp\/v2\/types\/product"}],"version-history":[{"count":1,"href":"https:\/\/eterle.cz\/eshop\/wp-json\/wp\/v2\/product\/13027\/revisions"}],"predecessor-version":[{"id":13109,"href":"https:\/\/eterle.cz\/eshop\/wp-json\/wp\/v2\/product\/13027\/revisions\/13109"}],"wp:featuredmedia":[{"embeddable":true,"href":"https:\/\/eterle.cz\/eshop\/wp-json\/wp\/v2\/media\/13028"}],"wp:attachment":[{"href":"https:\/\/eterle.cz\/eshop\/wp-json\/wp\/v2\/media?parent=13027"}],"wp:term":[{"taxonomy":"product_brand","embeddable":true,"href":"https:\/\/eterle.cz\/eshop\/wp-json\/wp\/v2\/product_brand?post=13027"},{"taxonomy":"product_cat","embeddable":true,"href":"https:\/\/eterle.cz\/eshop\/wp-json\/wp\/v2\/product_cat?post=13027"},{"taxonomy":"product_tag","embeddable":true,"href":"https:\/\/eterle.cz\/eshop\/wp-json\/wp\/v2\/product_tag?post=13027"}],"curies":[{"name":"wp","href":"https:\/\/api.w.org\/{rel}","templated":true}]}}