{"id":13144,"date":"2023-05-03T19:48:17","date_gmt":"2023-05-03T17:48:17","guid":{"rendered":"https:\/\/eterle.cz\/eshop\/?post_type=product&#038;p=13144"},"modified":"2025-02-16T02:55:44","modified_gmt":"2025-02-16T01:55:44","slug":"lustr-talir-napako-4","status":"publish","type":"product","link":"https:\/\/eterle.cz\/eshop\/produkt\/lustr-talir-napako-4\/","title":{"rendered":"Lustr tal\u00ed\u0159 \/ Napako"},"content":{"rendered":"<p><span data-sheets-value=\"{&quot;1&quot;:2,&quot;2&quot;:&quot;Stav: nese zn\u00e1mky patiny, zlat\u00fd prou\u017eek na okraji vn\u011bj\u0161\u00edho kruhu je na v\u011bt\u0161in\u011b m\u00edst set\u0159en.Kovov\u00fd krou\u017eek pod stropn\u00edm uchycen\u00edm lustru nese zn\u00e1mky koroze. Elektroinstalace p\u016fvodn\u00ed a funk\u010dn\u00ed. 250 V, 3 x 40 W\\nZna\u010dka: Napako\\nRozm\u011br\\nD\u00e9lka ty\u010de: 65 cm\\nCelkov\u00e1 d\u00e9lka: 72 cm\\nPr\u016fm\u011br st\u00ednidla: 55 cm\\n&quot;}\" data-sheets-userformat=\"{&quot;2&quot;:14781,&quot;3&quot;:{&quot;1&quot;:0,&quot;3&quot;:1},&quot;5&quot;:{&quot;1&quot;:[{&quot;1&quot;:2,&quot;2&quot;:0,&quot;5&quot;:{&quot;1&quot;:2,&quot;2&quot;:0}},{&quot;1&quot;:0,&quot;2&quot;:0,&quot;3&quot;:3},{&quot;1&quot;:1,&quot;2&quot;:0,&quot;4&quot;:1}]},&quot;6&quot;:{&quot;1&quot;:[{&quot;1&quot;:2,&quot;2&quot;:0,&quot;5&quot;:{&quot;1&quot;:2,&quot;2&quot;:0}},{&quot;1&quot;:0,&quot;2&quot;:0,&quot;3&quot;:3},{&quot;1&quot;:1,&quot;2&quot;:0,&quot;4&quot;:1}]},&quot;7&quot;:{&quot;1&quot;:[{&quot;1&quot;:2,&quot;2&quot;:0,&quot;5&quot;:{&quot;1&quot;:2,&quot;2&quot;:0}},{&quot;1&quot;:0,&quot;2&quot;:0,&quot;3&quot;:3},{&quot;1&quot;:1,&quot;2&quot;:0,&quot;4&quot;:1}]},&quot;8&quot;:{&quot;1&quot;:[{&quot;1&quot;:2,&quot;2&quot;:0,&quot;5&quot;:{&quot;1&quot;:2,&quot;2&quot;:0}},{&quot;1&quot;:0,&quot;2&quot;:0,&quot;3&quot;:3},{&quot;1&quot;:1,&quot;2&quot;:0,&quot;4&quot;:1}]},&quot;10&quot;:0,&quot;11&quot;:4,&quot;14&quot;:{&quot;1&quot;:2,&quot;2&quot;:0},&quot;15&quot;:&quot;Arial&quot;,&quot;16&quot;:10}\">Stav: nese zn\u00e1mky patiny, zlat\u00fd prou\u017eek na okraji vn\u011bj\u0161\u00edho kruhu je na v\u011bt\u0161in\u011b m\u00edst set\u0159en.Kovov\u00fd krou\u017eek pod stropn\u00edm uchycen\u00edm lustru nese zn\u00e1mky koroze. Elektroinstalace p\u016fvodn\u00ed a funk\u010dn\u00ed. 250 V, 3 x 40 W<br \/>\nZna\u010dka: Napako<br \/>\nRozm\u011br<br \/>\nD\u00e9lka ty\u010de: 65 cm<br \/>\nCelkov\u00e1 d\u00e9lka: 72 cm<br \/>\nPr\u016fm\u011br st\u00ednidla: 55 cm<br \/>\n<\/span><\/p>\n","protected":false},"excerpt":{"rendered":"<p><span data-sheets-value=\"{&quot;1&quot;:2,&quot;2&quot;:&quot;Retro lustr \u201etal\u00ed\u0159\u201c z obdob\u00ed 1. republiky.  Sklen\u011bn\u00e9 st\u00ednidlo v ml\u00e9\u010dn\u00e9 na\u017eloutl\u00e9 barv\u011b v kombinaci s kovovou ty\u010d\u00ed. 250 V, 3 x 40 W&quot;}\" data-sheets-userformat=\"{&quot;2&quot;:14781,&quot;3&quot;:{&quot;1&quot;:0,&quot;3&quot;:1},&quot;5&quot;:{&quot;1&quot;:[{&quot;1&quot;:2,&quot;2&quot;:0,&quot;5&quot;:{&quot;1&quot;:2,&quot;2&quot;:0}},{&quot;1&quot;:0,&quot;2&quot;:0,&quot;3&quot;:3},{&quot;1&quot;:1,&quot;2&quot;:0,&quot;4&quot;:1}]},&quot;6&quot;:{&quot;1&quot;:[{&quot;1&quot;:2,&quot;2&quot;:0,&quot;5&quot;:{&quot;1&quot;:2,&quot;2&quot;:0}},{&quot;1&quot;:0,&quot;2&quot;:0,&quot;3&quot;:3},{&quot;1&quot;:1,&quot;2&quot;:0,&quot;4&quot;:1}]},&quot;7&quot;:{&quot;1&quot;:[{&quot;1&quot;:2,&quot;2&quot;:0,&quot;5&quot;:{&quot;1&quot;:2,&quot;2&quot;:0}},{&quot;1&quot;:0,&quot;2&quot;:0,&quot;3&quot;:3},{&quot;1&quot;:1,&quot;2&quot;:0,&quot;4&quot;:1}]},&quot;8&quot;:{&quot;1&quot;:[{&quot;1&quot;:2,&quot;2&quot;:0,&quot;5&quot;:{&quot;1&quot;:2,&quot;2&quot;:0}},{&quot;1&quot;:0,&quot;2&quot;:0,&quot;3&quot;:3},{&quot;1&quot;:1,&quot;2&quot;:0,&quot;4&quot;:1}]},&quot;10&quot;:0,&quot;11&quot;:4,&quot;14&quot;:{&quot;1&quot;:2,&quot;2&quot;:0},&quot;15&quot;:&quot;Arial&quot;,&quot;16&quot;:10}\">Retro lustr \u201etal\u00ed\u0159\u201c z obdob\u00ed 1. republiky. Sklen\u011bn\u00e9 st\u00ednidlo v ml\u00e9\u010dn\u00e9 na\u017eloutl\u00e9 barv\u011b v kombinaci s kovovou ty\u010d\u00ed. 250 V, 3 x 40 W<\/span><\/p>\n","protected":false},"featured_media":13145,"template":"","meta":[],"product_brand":[153],"product_cat":[91],"product_tag":[],"class_list":{"0":"post-13144","1":"product","2":"type-product","3":"status-publish","4":"has-post-thumbnail","6":"product_brand-eterle-cz","7":"product_cat-prodane","8":"product_shipping_class-nadrozmerne","10":"first","11":"outofstock","12":"taxable","13":"shipping-taxable","14":"purchasable","15":"product-type-simple"},"_links":{"self":[{"href":"https:\/\/eterle.cz\/eshop\/wp-json\/wp\/v2\/product\/13144","targetHints":{"allow":["GET"]}}],"collection":[{"href":"https:\/\/eterle.cz\/eshop\/wp-json\/wp\/v2\/product"}],"about":[{"href":"https:\/\/eterle.cz\/eshop\/wp-json\/wp\/v2\/types\/product"}],"version-history":[{"count":1,"href":"https:\/\/eterle.cz\/eshop\/wp-json\/wp\/v2\/product\/13144\/revisions"}],"predecessor-version":[{"id":13154,"href":"https:\/\/eterle.cz\/eshop\/wp-json\/wp\/v2\/product\/13144\/revisions\/13154"}],"wp:featuredmedia":[{"embeddable":true,"href":"https:\/\/eterle.cz\/eshop\/wp-json\/wp\/v2\/media\/13145"}],"wp:attachment":[{"href":"https:\/\/eterle.cz\/eshop\/wp-json\/wp\/v2\/media?parent=13144"}],"wp:term":[{"taxonomy":"product_brand","embeddable":true,"href":"https:\/\/eterle.cz\/eshop\/wp-json\/wp\/v2\/product_brand?post=13144"},{"taxonomy":"product_cat","embeddable":true,"href":"https:\/\/eterle.cz\/eshop\/wp-json\/wp\/v2\/product_cat?post=13144"},{"taxonomy":"product_tag","embeddable":true,"href":"https:\/\/eterle.cz\/eshop\/wp-json\/wp\/v2\/product_tag?post=13144"}],"curies":[{"name":"wp","href":"https:\/\/api.w.org\/{rel}","templated":true}]}}