{"id":13355,"date":"2023-05-21T23:45:55","date_gmt":"2023-05-21T21:45:55","guid":{"rendered":"https:\/\/eterle.cz\/eshop\/produkt\/porcelanova-vaza-winterling\/"},"modified":"2025-06-24T01:52:40","modified_gmt":"2025-06-23T23:52:40","slug":"porcelanova-vaza-winterling","status":"publish","type":"product","link":"https:\/\/eterle.cz\/eshop\/produkt\/porcelanova-vaza-winterling\/","title":{"rendered":"Porcel\u00e1nov\u00e1 v\u00e1za \/ Winterling"},"content":{"rendered":"<p>Porcel\u00e1nov\u00e1 v\u00e1za ku\u017eelovit\u00e9ho tvaru s plastick\u00fdm dekorem p\u0159ipom\u00ednaj\u00edc\u00edm zvln\u011bnou vodn\u00ed hladinu ve kter\u00e9 se mnohan\u00e1sobn\u011b odr\u00e1\u017e\u00ed zlat\u00e9 slunce. Kv\u011btiny m\u016f\u017eete ladit do bord\u00f3 barvy, jej\u00ed\u017e akcenty se objevuj\u00ed v dekoru v\u00e1zy, ale slu\u0161et j\u00ed budou i b\u00edl\u00e9, r\u016f\u017eov\u00e9 nebo zelen\u00e9 odst\u00edny.<\/p>\n<p>Stav: perfektn\u00ed<br \/>\nZna\u010dka: Winterling<br \/>\nRozm\u011br<br \/>\nPr\u016fm\u011br horn\u00ed: 5 cm<br \/>\nV\u00fd\u0161ka: 21 cm<\/p>\n","protected":false},"excerpt":{"rendered":"<p>Porcel\u00e1nov\u00e1 v\u00e1za ku\u017eelovit\u00e9ho tvaru s plastick\u00fdm dekorem p\u0159ipom\u00ednaj\u00edc\u00edm zvln\u011bnou vodn\u00ed hladinu ve kter\u00e9 se mnohan\u00e1sobn\u011b odr\u00e1\u017e\u00ed zlat\u00e9 slunce. Kv\u011btiny m\u016f\u017eete<\/p>\n","protected":false},"featured_media":13356,"template":"","meta":[],"product_brand":[153],"product_cat":[94],"product_tag":[],"class_list":{"0":"post-13355","1":"product","2":"type-product","3":"status-publish","4":"has-post-thumbnail","6":"product_brand-eterle-cz","7":"product_cat-vazy","9":"first","10":"instock","11":"purchasable","12":"product-type-simple"},"_links":{"self":[{"href":"https:\/\/eterle.cz\/eshop\/wp-json\/wp\/v2\/product\/13355","targetHints":{"allow":["GET"]}}],"collection":[{"href":"https:\/\/eterle.cz\/eshop\/wp-json\/wp\/v2\/product"}],"about":[{"href":"https:\/\/eterle.cz\/eshop\/wp-json\/wp\/v2\/types\/product"}],"version-history":[{"count":2,"href":"https:\/\/eterle.cz\/eshop\/wp-json\/wp\/v2\/product\/13355\/revisions"}],"predecessor-version":[{"id":26173,"href":"https:\/\/eterle.cz\/eshop\/wp-json\/wp\/v2\/product\/13355\/revisions\/26173"}],"wp:featuredmedia":[{"embeddable":true,"href":"https:\/\/eterle.cz\/eshop\/wp-json\/wp\/v2\/media\/13356"}],"wp:attachment":[{"href":"https:\/\/eterle.cz\/eshop\/wp-json\/wp\/v2\/media?parent=13355"}],"wp:term":[{"taxonomy":"product_brand","embeddable":true,"href":"https:\/\/eterle.cz\/eshop\/wp-json\/wp\/v2\/product_brand?post=13355"},{"taxonomy":"product_cat","embeddable":true,"href":"https:\/\/eterle.cz\/eshop\/wp-json\/wp\/v2\/product_cat?post=13355"},{"taxonomy":"product_tag","embeddable":true,"href":"https:\/\/eterle.cz\/eshop\/wp-json\/wp\/v2\/product_tag?post=13355"}],"curies":[{"name":"wp","href":"https:\/\/api.w.org\/{rel}","templated":true}]}}