{"id":13359,"date":"2023-05-21T23:46:23","date_gmt":"2023-05-21T21:46:23","guid":{"rendered":"https:\/\/eterle.cz\/eshop\/produkt\/porcelanova-vaza-kaiser-3\/"},"modified":"2025-06-24T01:52:40","modified_gmt":"2025-06-23T23:52:40","slug":"porcelanova-vaza-kaiser-3","status":"publish","type":"product","link":"https:\/\/eterle.cz\/eshop\/produkt\/porcelanova-vaza-kaiser-3\/","title":{"rendered":"Porcel\u00e1nov\u00e1 v\u00e1za \/ Kaiser"},"content":{"rendered":"<p>Porcel\u00e1nov\u00e1 v\u00e1za od n\u011bmeck\u00e9 porcel\u00e1nky Kaiser ve tvaru d\u017eb\u00e1nku se vzorem bodl\u00e1ku, kter\u00fd je orig\u00edn\u00e1ln\u00ed jak barevnost\u00ed tak motivem. V\u00e1za je vhodn\u00e1 na men\u0161\u00ed objem kv\u011btin nebo je mo\u017eno ji pou\u017e\u00edt jako d\u017eb\u00e1nek na vodu. Ve stejn\u00e9m dekoru m\u00e1me i <span style=\"color: #000000;\"><a style=\"color: #000000;\" href=\"https:\/\/eterle.cz\/eshop\/produkt\/porcelanova-vaza-kaiser-2\/\">vy\u0161\u0161\u00ed v\u00e1zu<\/a><\/span> ve tvaru amfory.<\/p>\n<p>Stav: perfektn\u00ed<br \/>\nZna\u010dka: Kaiser<br \/>\nRozm\u011br<br \/>\nPr\u016fm\u011br horn\u00ed: 5 cm<br \/>\nV\u00fd\u0161ka: 18 cm<\/p>\n","protected":false},"excerpt":{"rendered":"<p>Porcel\u00e1nov\u00e1 v\u00e1za od n\u011bmeck\u00e9 porcel\u00e1nky Kaiser ve tvaru d\u017eb\u00e1nku se vzorem bodl\u00e1ku, kter\u00fd je orig\u00edn\u00e1ln\u00ed jak barevnost\u00ed tak motivem. V\u00e1za<\/p>\n","protected":false},"featured_media":13360,"template":"","meta":[],"product_brand":[153],"product_cat":[94],"product_tag":[],"class_list":{"0":"post-13359","1":"product","2":"type-product","3":"status-publish","4":"has-post-thumbnail","6":"product_brand-eterle-cz","7":"product_cat-vazy","9":"first","10":"instock","11":"purchasable","12":"product-type-simple"},"_links":{"self":[{"href":"https:\/\/eterle.cz\/eshop\/wp-json\/wp\/v2\/product\/13359","targetHints":{"allow":["GET"]}}],"collection":[{"href":"https:\/\/eterle.cz\/eshop\/wp-json\/wp\/v2\/product"}],"about":[{"href":"https:\/\/eterle.cz\/eshop\/wp-json\/wp\/v2\/types\/product"}],"version-history":[{"count":2,"href":"https:\/\/eterle.cz\/eshop\/wp-json\/wp\/v2\/product\/13359\/revisions"}],"predecessor-version":[{"id":26171,"href":"https:\/\/eterle.cz\/eshop\/wp-json\/wp\/v2\/product\/13359\/revisions\/26171"}],"wp:featuredmedia":[{"embeddable":true,"href":"https:\/\/eterle.cz\/eshop\/wp-json\/wp\/v2\/media\/13360"}],"wp:attachment":[{"href":"https:\/\/eterle.cz\/eshop\/wp-json\/wp\/v2\/media?parent=13359"}],"wp:term":[{"taxonomy":"product_brand","embeddable":true,"href":"https:\/\/eterle.cz\/eshop\/wp-json\/wp\/v2\/product_brand?post=13359"},{"taxonomy":"product_cat","embeddable":true,"href":"https:\/\/eterle.cz\/eshop\/wp-json\/wp\/v2\/product_cat?post=13359"},{"taxonomy":"product_tag","embeddable":true,"href":"https:\/\/eterle.cz\/eshop\/wp-json\/wp\/v2\/product_tag?post=13359"}],"curies":[{"name":"wp","href":"https:\/\/api.w.org\/{rel}","templated":true}]}}