{"id":13367,"date":"2023-05-21T23:46:58","date_gmt":"2023-05-21T21:46:58","guid":{"rendered":"https:\/\/eterle.cz\/eshop\/produkt\/porcelanova-vaza-arzberg-5\/"},"modified":"2025-02-16T02:54:55","modified_gmt":"2025-02-16T01:54:55","slug":"porcelanova-vaza-arzberg-5","status":"publish","type":"product","link":"https:\/\/eterle.cz\/eshop\/produkt\/porcelanova-vaza-arzberg-5\/","title":{"rendered":"Porcel\u00e1nov\u00e1 v\u00e1za \/ Arzberg"},"content":{"rendered":"<p>Modern\u00ed ru\u010dn\u011b malovan\u00e1 v\u00e1za od n\u011bmeck\u00e9 porce\u00e1nky Arzberg, signovan\u00e1 G. Sigrist. Abstraktn\u00ed hn\u011bdo zlat\u00fd dekor kombinuje matnou a lesklou strukturu.<\/p>\n<p>Stav: dobr\u00fd, jen nan jednom m\u00edst\u011b je set\u0159en\u00e1 vrstva zlata (viz foto)<br \/>\nZna\u010dka: Arzberg<br \/>\nRozm\u011br<br \/>\nPr\u016fm\u011br horn\u00ed: 15 cm<br \/>\nV\u00fd\u0161ka: 12,5 cm<\/p>\n","protected":false},"excerpt":{"rendered":"<p>Modern\u00ed ru\u010dn\u011b malovan\u00e1 v\u00e1za od n\u011bmeck\u00e9 porce\u00e1nky Arzberg, signovan\u00e1 G. Sigrist. Abstraktn\u00ed hn\u011bdo zlat\u00fd dekor kombinuje matnou a lesklou strukturu.<\/p>\n","protected":false},"featured_media":13368,"template":"","meta":[],"product_brand":[153],"product_cat":[91],"product_tag":[],"class_list":{"0":"post-13367","1":"product","2":"type-product","3":"status-publish","4":"has-post-thumbnail","6":"product_brand-eterle-cz","7":"product_cat-prodane","9":"first","10":"outofstock","11":"purchasable","12":"product-type-simple"},"_links":{"self":[{"href":"https:\/\/eterle.cz\/eshop\/wp-json\/wp\/v2\/product\/13367","targetHints":{"allow":["GET"]}}],"collection":[{"href":"https:\/\/eterle.cz\/eshop\/wp-json\/wp\/v2\/product"}],"about":[{"href":"https:\/\/eterle.cz\/eshop\/wp-json\/wp\/v2\/types\/product"}],"version-history":[{"count":0,"href":"https:\/\/eterle.cz\/eshop\/wp-json\/wp\/v2\/product\/13367\/revisions"}],"wp:featuredmedia":[{"embeddable":true,"href":"https:\/\/eterle.cz\/eshop\/wp-json\/wp\/v2\/media\/13368"}],"wp:attachment":[{"href":"https:\/\/eterle.cz\/eshop\/wp-json\/wp\/v2\/media?parent=13367"}],"wp:term":[{"taxonomy":"product_brand","embeddable":true,"href":"https:\/\/eterle.cz\/eshop\/wp-json\/wp\/v2\/product_brand?post=13367"},{"taxonomy":"product_cat","embeddable":true,"href":"https:\/\/eterle.cz\/eshop\/wp-json\/wp\/v2\/product_cat?post=13367"},{"taxonomy":"product_tag","embeddable":true,"href":"https:\/\/eterle.cz\/eshop\/wp-json\/wp\/v2\/product_tag?post=13367"}],"curies":[{"name":"wp","href":"https:\/\/api.w.org\/{rel}","templated":true}]}}