{"id":13369,"date":"2023-05-21T23:47:08","date_gmt":"2023-05-21T21:47:08","guid":{"rendered":"https:\/\/eterle.cz\/eshop\/produkt\/porcelanova-vaza-rieber-mitterteich\/"},"modified":"2025-02-16T02:54:55","modified_gmt":"2025-02-16T01:54:55","slug":"porcelanova-vaza-rieber-mitterteich","status":"publish","type":"product","link":"https:\/\/eterle.cz\/eshop\/produkt\/porcelanova-vaza-rieber-mitterteich\/","title":{"rendered":"Porcel\u00e1nov\u00e1 v\u00e1za \/Rieber Mitterteich"},"content":{"rendered":"<p>Men\u0161\u00ed v\u00e1za kubistick\u00e9ho tvaru se zaj\u00edmav\u00fdm plastick\u00fdm dekorem list\u016f. Velikost\u00ed je tak akor\u00e1t na t\u0159i tulip\u00e1ny.<\/p>\n<p>Stav: perfektn\u00ed<br \/>\nZna\u010dka: Rieber Mitterteich<br \/>\nRozm\u011br<br \/>\nPr\u016fm\u011br horn\u00ed: 6 cm<br \/>\nV\u00fd\u0161ka: 16,5 cm<\/p>\n","protected":false},"excerpt":{"rendered":"<p>Men\u0161\u00ed v\u00e1za kubistick\u00e9ho tvaru se zaj\u00edmav\u00fdm plastick\u00fdm dekorem list\u016f. Velikost\u00ed je tak akor\u00e1t na t\u0159i tulip\u00e1ny. Stav: perfektn\u00ed Zna\u010dka: Rieber<\/p>\n","protected":false},"featured_media":13370,"template":"","meta":[],"product_brand":[153],"product_cat":[91],"product_tag":[],"class_list":{"0":"post-13369","1":"product","2":"type-product","3":"status-publish","4":"has-post-thumbnail","6":"product_brand-eterle-cz","7":"product_cat-prodane","9":"first","10":"outofstock","11":"purchasable","12":"product-type-simple"},"_links":{"self":[{"href":"https:\/\/eterle.cz\/eshop\/wp-json\/wp\/v2\/product\/13369","targetHints":{"allow":["GET"]}}],"collection":[{"href":"https:\/\/eterle.cz\/eshop\/wp-json\/wp\/v2\/product"}],"about":[{"href":"https:\/\/eterle.cz\/eshop\/wp-json\/wp\/v2\/types\/product"}],"version-history":[{"count":0,"href":"https:\/\/eterle.cz\/eshop\/wp-json\/wp\/v2\/product\/13369\/revisions"}],"wp:featuredmedia":[{"embeddable":true,"href":"https:\/\/eterle.cz\/eshop\/wp-json\/wp\/v2\/media\/13370"}],"wp:attachment":[{"href":"https:\/\/eterle.cz\/eshop\/wp-json\/wp\/v2\/media?parent=13369"}],"wp:term":[{"taxonomy":"product_brand","embeddable":true,"href":"https:\/\/eterle.cz\/eshop\/wp-json\/wp\/v2\/product_brand?post=13369"},{"taxonomy":"product_cat","embeddable":true,"href":"https:\/\/eterle.cz\/eshop\/wp-json\/wp\/v2\/product_cat?post=13369"},{"taxonomy":"product_tag","embeddable":true,"href":"https:\/\/eterle.cz\/eshop\/wp-json\/wp\/v2\/product_tag?post=13369"}],"curies":[{"name":"wp","href":"https:\/\/api.w.org\/{rel}","templated":true}]}}