{"id":13371,"date":"2023-05-21T23:47:25","date_gmt":"2023-05-21T21:47:25","guid":{"rendered":"https:\/\/eterle.cz\/eshop\/produkt\/porcelanova-vaza-heinrich-2\/"},"modified":"2025-02-16T02:54:55","modified_gmt":"2025-02-16T01:54:55","slug":"porcelanova-vaza-heinrich-2","status":"publish","type":"product","link":"https:\/\/eterle.cz\/eshop\/produkt\/porcelanova-vaza-heinrich-2\/","title":{"rendered":"Porcel\u00e1nov\u00e1 v\u00e1za \/ Heinrich"},"content":{"rendered":"<p>V\u00e1za, kterou doma lidov\u011b ozna\u010dujeme jako \u00faspornou. Sta\u010d\u00ed do n\u00ed d\u00e1t p\u00e1r st\u00e9bel tr\u00e1vy nebo jeden kv\u011bt a ud\u011bl\u00e1 v\u00e1m doma velkou par\u00e1du.<\/p>\n<p>Stav: velmi dobr\u00fd, dekor je m\u00edsty sed\u0159en<br \/>\nZna\u010dka: Heinrich<br \/>\nRozm\u011br<br \/>\nPr\u016fm\u011br horn\u00ed: 2 cm<br \/>\nV\u00fd\u0161ka: 19 cm<\/p>\n","protected":false},"excerpt":{"rendered":"<p>V\u00e1za, kterou doma lidov\u011b ozna\u010dujeme jako \u00faspornou. Sta\u010d\u00ed do n\u00ed d\u00e1t p\u00e1r st\u00e9bel tr\u00e1vy nebo jeden kv\u011bt a ud\u011bl\u00e1 v\u00e1m<\/p>\n","protected":false},"featured_media":13372,"template":"","meta":[],"product_brand":[153],"product_cat":[91],"product_tag":[],"class_list":{"0":"post-13371","1":"product","2":"type-product","3":"status-publish","4":"has-post-thumbnail","6":"product_brand-eterle-cz","7":"product_cat-prodane","9":"first","10":"outofstock","11":"purchasable","12":"product-type-simple"},"_links":{"self":[{"href":"https:\/\/eterle.cz\/eshop\/wp-json\/wp\/v2\/product\/13371","targetHints":{"allow":["GET"]}}],"collection":[{"href":"https:\/\/eterle.cz\/eshop\/wp-json\/wp\/v2\/product"}],"about":[{"href":"https:\/\/eterle.cz\/eshop\/wp-json\/wp\/v2\/types\/product"}],"version-history":[{"count":1,"href":"https:\/\/eterle.cz\/eshop\/wp-json\/wp\/v2\/product\/13371\/revisions"}],"predecessor-version":[{"id":14394,"href":"https:\/\/eterle.cz\/eshop\/wp-json\/wp\/v2\/product\/13371\/revisions\/14394"}],"wp:featuredmedia":[{"embeddable":true,"href":"https:\/\/eterle.cz\/eshop\/wp-json\/wp\/v2\/media\/13372"}],"wp:attachment":[{"href":"https:\/\/eterle.cz\/eshop\/wp-json\/wp\/v2\/media?parent=13371"}],"wp:term":[{"taxonomy":"product_brand","embeddable":true,"href":"https:\/\/eterle.cz\/eshop\/wp-json\/wp\/v2\/product_brand?post=13371"},{"taxonomy":"product_cat","embeddable":true,"href":"https:\/\/eterle.cz\/eshop\/wp-json\/wp\/v2\/product_cat?post=13371"},{"taxonomy":"product_tag","embeddable":true,"href":"https:\/\/eterle.cz\/eshop\/wp-json\/wp\/v2\/product_tag?post=13371"}],"curies":[{"name":"wp","href":"https:\/\/api.w.org\/{rel}","templated":true}]}}