{"id":13381,"date":"2023-05-21T23:48:12","date_gmt":"2023-05-21T21:48:12","guid":{"rendered":"https:\/\/eterle.cz\/eshop\/produkt\/porcelanova-vaza-thomas-stredni-2\/"},"modified":"2025-06-24T01:52:39","modified_gmt":"2025-06-23T23:52:39","slug":"porcelanova-vaza-thomas-stredni-2","status":"publish","type":"product","link":"https:\/\/eterle.cz\/eshop\/produkt\/porcelanova-vaza-thomas-stredni-2\/","title":{"rendered":"Porcel\u00e1nov\u00e1 v\u00e1za \/ Thomas st\u0159edn\u00ed"},"content":{"rendered":"<p>Porcel\u00e1nov\u00e1 v\u00e1za od n\u011bmeck\u00e9 porcel\u00e1nky Thomas, kter\u00fd je zna\u010dkou ze skupiny Rosenthal. Jednoduch\u00fd modern\u00ed tvar s detailn\u011b propracovanou kresbou pivon\u011bk ve zlat\u00e9 barv\u011b. V tomto proveden\u00ed m\u00e1me n\u011bkolik velikost\u00ed v\u00e1z, tak je mo\u017eno hezky kombinovat.<\/p>\n<p>Stav: v\u00fdborn\u00fd, jen uvnit\u0159 lehk\u00e9 zn\u00e1mky u\u017e\u00edv\u00e1n\u00ed<br \/>\nZna\u010dka: Thomas<br \/>\nRozm\u011br<br \/>\nPr\u016fm\u011br horn\u00ed: 4 cm<br \/>\nV\u00fd\u0161ka: 28 cm<\/p>\n","protected":false},"excerpt":{"rendered":"<p>Porcel\u00e1nov\u00e1 v\u00e1za od n\u011bmeck\u00e9 porcel\u00e1nky Thomas, kter\u00fd je zna\u010dkou ze skupiny Rosenthal. Jednoduch\u00fd modern\u00ed tvar s detailn\u011b propracovanou kresbou pivon\u011bk<\/p>\n","protected":false},"featured_media":13382,"template":"","meta":[],"product_brand":[153],"product_cat":[94],"product_tag":[],"class_list":{"0":"post-13381","1":"product","2":"type-product","3":"status-publish","4":"has-post-thumbnail","6":"product_brand-eterle-cz","7":"product_cat-vazy","9":"first","10":"instock","11":"purchasable","12":"product-type-simple"},"_links":{"self":[{"href":"https:\/\/eterle.cz\/eshop\/wp-json\/wp\/v2\/product\/13381","targetHints":{"allow":["GET"]}}],"collection":[{"href":"https:\/\/eterle.cz\/eshop\/wp-json\/wp\/v2\/product"}],"about":[{"href":"https:\/\/eterle.cz\/eshop\/wp-json\/wp\/v2\/types\/product"}],"version-history":[{"count":2,"href":"https:\/\/eterle.cz\/eshop\/wp-json\/wp\/v2\/product\/13381\/revisions"}],"predecessor-version":[{"id":26169,"href":"https:\/\/eterle.cz\/eshop\/wp-json\/wp\/v2\/product\/13381\/revisions\/26169"}],"wp:featuredmedia":[{"embeddable":true,"href":"https:\/\/eterle.cz\/eshop\/wp-json\/wp\/v2\/media\/13382"}],"wp:attachment":[{"href":"https:\/\/eterle.cz\/eshop\/wp-json\/wp\/v2\/media?parent=13381"}],"wp:term":[{"taxonomy":"product_brand","embeddable":true,"href":"https:\/\/eterle.cz\/eshop\/wp-json\/wp\/v2\/product_brand?post=13381"},{"taxonomy":"product_cat","embeddable":true,"href":"https:\/\/eterle.cz\/eshop\/wp-json\/wp\/v2\/product_cat?post=13381"},{"taxonomy":"product_tag","embeddable":true,"href":"https:\/\/eterle.cz\/eshop\/wp-json\/wp\/v2\/product_tag?post=13381"}],"curies":[{"name":"wp","href":"https:\/\/api.w.org\/{rel}","templated":true}]}}