{"id":13383,"date":"2023-05-21T23:48:28","date_gmt":"2023-05-21T21:48:28","guid":{"rendered":"https:\/\/eterle.cz\/eshop\/produkt\/porcelanova-vaza-dux\/"},"modified":"2025-02-16T02:54:53","modified_gmt":"2025-02-16T01:54:53","slug":"porcelanova-vaza-dux","status":"publish","type":"product","link":"https:\/\/eterle.cz\/eshop\/produkt\/porcelanova-vaza-dux\/","title":{"rendered":"Porcel\u00e1nov\u00e1 v\u00e1za \/ Dux"},"content":{"rendered":"<p>Porcel\u00e1nov\u00e1 v\u00e1za ve tvaru antick\u00e9 amfory bohat\u011b plasticky zdoben\u00e1. Jedn\u00e1 se star\u00fd DUX. V\u00e1za m\u00e1 velmi uzk\u00e9 hrdlo tak na jeden kv\u011bt nebo t\u0159i drobn\u00e9 kv\u011btiny.<\/p>\n<p>Stav: v\u00fdborn\u00fd, jen uvnit\u0159 zn\u00e1mky od u\u017e\u00edv\u00e1n\u00ed<br \/>\nZna\u010dka: Dux<br \/>\nRozm\u011br<br \/>\nPr\u016fm\u011br horn\u00ed: 3 x 3,5 cm<br \/>\nV\u00fd\u0161ka: 28 cm<\/p>\n","protected":false},"excerpt":{"rendered":"<p>Porcel\u00e1nov\u00e1 v\u00e1za ve tvaru antick\u00e9 amfory bohat\u011b plasticky zdoben\u00e1. Jedn\u00e1 se star\u00fd DUX. V\u00e1za m\u00e1 velmi uzk\u00e9 hrdlo tak na<\/p>\n","protected":false},"featured_media":13384,"template":"","meta":[],"product_brand":[153],"product_cat":[91],"product_tag":[],"class_list":{"0":"post-13383","1":"product","2":"type-product","3":"status-publish","4":"has-post-thumbnail","6":"product_brand-eterle-cz","7":"product_cat-prodane","9":"first","10":"outofstock","11":"purchasable","12":"product-type-simple"},"_links":{"self":[{"href":"https:\/\/eterle.cz\/eshop\/wp-json\/wp\/v2\/product\/13383","targetHints":{"allow":["GET"]}}],"collection":[{"href":"https:\/\/eterle.cz\/eshop\/wp-json\/wp\/v2\/product"}],"about":[{"href":"https:\/\/eterle.cz\/eshop\/wp-json\/wp\/v2\/types\/product"}],"version-history":[{"count":0,"href":"https:\/\/eterle.cz\/eshop\/wp-json\/wp\/v2\/product\/13383\/revisions"}],"wp:featuredmedia":[{"embeddable":true,"href":"https:\/\/eterle.cz\/eshop\/wp-json\/wp\/v2\/media\/13384"}],"wp:attachment":[{"href":"https:\/\/eterle.cz\/eshop\/wp-json\/wp\/v2\/media?parent=13383"}],"wp:term":[{"taxonomy":"product_brand","embeddable":true,"href":"https:\/\/eterle.cz\/eshop\/wp-json\/wp\/v2\/product_brand?post=13383"},{"taxonomy":"product_cat","embeddable":true,"href":"https:\/\/eterle.cz\/eshop\/wp-json\/wp\/v2\/product_cat?post=13383"},{"taxonomy":"product_tag","embeddable":true,"href":"https:\/\/eterle.cz\/eshop\/wp-json\/wp\/v2\/product_tag?post=13383"}],"curies":[{"name":"wp","href":"https:\/\/api.w.org\/{rel}","templated":true}]}}