{"id":13385,"date":"2023-05-21T23:48:38","date_gmt":"2023-05-21T21:48:38","guid":{"rendered":"https:\/\/eterle.cz\/eshop\/produkt\/porcelanova-vaza-kaiser-4\/"},"modified":"2025-02-16T02:54:53","modified_gmt":"2025-02-16T01:54:53","slug":"porcelanova-vaza-kaiser-4","status":"publish","type":"product","link":"https:\/\/eterle.cz\/eshop\/produkt\/porcelanova-vaza-kaiser-4\/","title":{"rendered":"Porcel\u00e1nov\u00e1 v\u00e1za \/ Kaiser"},"content":{"rendered":"<p>Jednoduch\u00e1 minimalistick\u00e1 modern\u00ed v\u00e1za vhodn\u00e1 na v\u0161echny druhy ni\u017e\u0161\u00edch kv\u011btin.<\/p>\n<p>Stav: perfektn\u00ed<br \/>\nZna\u010dka: Kaiser<br \/>\nRozm\u011br<br \/>\nPr\u016fm\u011br horn\u00ed: 4,5 x 4,5 cm<br \/>\nV\u00fd\u0161ka: 15,5 cm<\/p>\n","protected":false},"excerpt":{"rendered":"<p>Jednoduch\u00e1 minimalistick\u00e1 modern\u00ed v\u00e1za vhodn\u00e1 na v\u0161echny druhy ni\u017e\u0161\u00edch kv\u011btin. Stav: perfektn\u00ed Zna\u010dka: Kaiser Rozm\u011br Pr\u016fm\u011br horn\u00ed: 4,5 x 4,5<\/p>\n","protected":false},"featured_media":13386,"template":"","meta":[],"product_brand":[153],"product_cat":[91],"product_tag":[],"class_list":{"0":"post-13385","1":"product","2":"type-product","3":"status-publish","4":"has-post-thumbnail","6":"product_brand-eterle-cz","7":"product_cat-prodane","9":"first","10":"outofstock","11":"purchasable","12":"product-type-simple"},"_links":{"self":[{"href":"https:\/\/eterle.cz\/eshop\/wp-json\/wp\/v2\/product\/13385","targetHints":{"allow":["GET"]}}],"collection":[{"href":"https:\/\/eterle.cz\/eshop\/wp-json\/wp\/v2\/product"}],"about":[{"href":"https:\/\/eterle.cz\/eshop\/wp-json\/wp\/v2\/types\/product"}],"version-history":[{"count":1,"href":"https:\/\/eterle.cz\/eshop\/wp-json\/wp\/v2\/product\/13385\/revisions"}],"predecessor-version":[{"id":14436,"href":"https:\/\/eterle.cz\/eshop\/wp-json\/wp\/v2\/product\/13385\/revisions\/14436"}],"wp:featuredmedia":[{"embeddable":true,"href":"https:\/\/eterle.cz\/eshop\/wp-json\/wp\/v2\/media\/13386"}],"wp:attachment":[{"href":"https:\/\/eterle.cz\/eshop\/wp-json\/wp\/v2\/media?parent=13385"}],"wp:term":[{"taxonomy":"product_brand","embeddable":true,"href":"https:\/\/eterle.cz\/eshop\/wp-json\/wp\/v2\/product_brand?post=13385"},{"taxonomy":"product_cat","embeddable":true,"href":"https:\/\/eterle.cz\/eshop\/wp-json\/wp\/v2\/product_cat?post=13385"},{"taxonomy":"product_tag","embeddable":true,"href":"https:\/\/eterle.cz\/eshop\/wp-json\/wp\/v2\/product_tag?post=13385"}],"curies":[{"name":"wp","href":"https:\/\/api.w.org\/{rel}","templated":true}]}}