{"id":13387,"date":"2023-05-21T23:48:48","date_gmt":"2023-05-21T21:48:48","guid":{"rendered":"https:\/\/eterle.cz\/eshop\/produkt\/porcelanova-vaza-7\/"},"modified":"2025-02-16T02:54:52","modified_gmt":"2025-02-16T01:54:52","slug":"porcelanova-vaza-7","status":"publish","type":"product","link":"https:\/\/eterle.cz\/eshop\/produkt\/porcelanova-vaza-7\/","title":{"rendered":"Porcel\u00e1nov\u00e1 v\u00e1za"},"content":{"rendered":"<p>Porcel\u00e1nov\u00e1 v\u00e1za ve tvaru poh\u00e1ru zdoben\u00e1 zlatou linkou i plastick\u00fdm drobn\u00fdm dekorem. Slu\u0161et to v n\u00ed bude bohat\u0161\u00edmu trsu n\u011b\u017en\u00fdch kv\u011btin.<\/p>\n<p>Stav: v\u00fdborn\u00fd, jen zlat\u00fd lem je na jendom m\u00edst\u011b lehounce o\u0161oupan\u00fd. Zespoda v\u00e1zy jsou dv\u011b jakoby p\u011bnov\u00e9 kapky z\u0159ejm\u011b z v\u00fdroby.<br \/>\nRozm\u011br<br \/>\nPr\u016fm\u011br horn\u00ed: 8 cm<br \/>\nV\u00fd\u0161ka: 15 cm<\/p>\n","protected":false},"excerpt":{"rendered":"<p>Porcel\u00e1nov\u00e1 v\u00e1za ve tvaru poh\u00e1ru zdoben\u00e1 zlatou linkou i plastick\u00fdm drobn\u00fdm dekorem. Slu\u0161et to v n\u00ed bude bohat\u0161\u00edmu trsu n\u011b\u017en\u00fdch<\/p>\n","protected":false},"featured_media":13388,"template":"","meta":[],"product_brand":[153],"product_cat":[91],"product_tag":[],"class_list":{"0":"post-13387","1":"product","2":"type-product","3":"status-publish","4":"has-post-thumbnail","6":"product_brand-eterle-cz","7":"product_cat-prodane","9":"first","10":"outofstock","11":"purchasable","12":"product-type-simple"},"_links":{"self":[{"href":"https:\/\/eterle.cz\/eshop\/wp-json\/wp\/v2\/product\/13387","targetHints":{"allow":["GET"]}}],"collection":[{"href":"https:\/\/eterle.cz\/eshop\/wp-json\/wp\/v2\/product"}],"about":[{"href":"https:\/\/eterle.cz\/eshop\/wp-json\/wp\/v2\/types\/product"}],"version-history":[{"count":0,"href":"https:\/\/eterle.cz\/eshop\/wp-json\/wp\/v2\/product\/13387\/revisions"}],"wp:featuredmedia":[{"embeddable":true,"href":"https:\/\/eterle.cz\/eshop\/wp-json\/wp\/v2\/media\/13388"}],"wp:attachment":[{"href":"https:\/\/eterle.cz\/eshop\/wp-json\/wp\/v2\/media?parent=13387"}],"wp:term":[{"taxonomy":"product_brand","embeddable":true,"href":"https:\/\/eterle.cz\/eshop\/wp-json\/wp\/v2\/product_brand?post=13387"},{"taxonomy":"product_cat","embeddable":true,"href":"https:\/\/eterle.cz\/eshop\/wp-json\/wp\/v2\/product_cat?post=13387"},{"taxonomy":"product_tag","embeddable":true,"href":"https:\/\/eterle.cz\/eshop\/wp-json\/wp\/v2\/product_tag?post=13387"}],"curies":[{"name":"wp","href":"https:\/\/api.w.org\/{rel}","templated":true}]}}